{"id":1489,"date":"2022-05-23T15:44:01","date_gmt":"2022-05-23T13:44:01","guid":{"rendered":"https:\/\/flyn-yachting.com\/?post_type=product&#038;p=1489"},"modified":"2026-02-17T12:15:36","modified_gmt":"2026-02-17T11:15:36","slug":"regime-des-retours-presence-du-yacht-dans-lue-au-cours-des-trois-dernieres-annees","status":"publish","type":"product","link":"https:\/\/flyn-yachting.com\/fr_FR\/produit\/regime-des-retours-presence-du-yacht-dans-lue-au-cours-des-trois-dernieres-annees\/","title":{"rendered":"R\u00e9gime des retours (pr\u00e9sence du yacht dans l&rsquo;UE au cours des trois derni\u00e8res ann\u00e9es)"},"content":{"rendered":"<p>Le code des douanes de l&rsquo;Union, en ce qui concerne le r\u00e9gime des retours (RGR), dispose que les yachts ayant perdu leur statut communautaire, apr\u00e8s avoir \u00e9t\u00e9 export\u00e9s en tant que yachts communautaires hors du territoire de l&rsquo;UE, peuvent \u00eatre r\u00e9import\u00e9s au sein de l\u2019Union Europ\u00e9enne dans un d\u00e9lai de trois ans et d\u00e9clar\u00e9s comme \u00e9tant en libre circulation sans payer de droits d&rsquo;importation ou de taxes.<\/p>\n<p>Lorsqu&rsquo;un yacht est enregistr\u00e9 sous un pavillon de l&rsquo;Union Europ\u00e9enne, les douanes fran\u00e7aises acceptent l&rsquo;absence de d\u00e9claration formelle d&rsquo;importation et d&rsquo;exportation car le retour dans l&rsquo;UE est sous-entendu par le pavillon du navire. Pour pouvoir b\u00e9n\u00e9ficier du r\u00e9gime des retours lorsque vous revenez dans les eaux de l&rsquo;UE et conservez donc votre statut de libre circulation, vous devrez remplir les conditions suivantes :<\/p>\n<ul>\n<li>Le propri\u00e9taire du navire doit rester inchang\u00e9 entre l&rsquo;exportation et la prochaine importation dans l&rsquo;UE.<\/li>\n<li>Le navire ne doit pas \u00eatre modifi\u00e9 de mani\u00e8re substantielle (le navire ne peut pas \u00eatre transform\u00e9 ; l&rsquo;entretien et les travaux de routine sont accept\u00e9s).<\/li>\n<li>Le navire doit revenir dans l&rsquo;UE dans les 3 ans suivant son exportation.<\/li>\n<\/ul>\n<p>&nbsp;<\/p>\n<p>Le r\u00e9gime des retours est principalement utilis\u00e9 pour les yachts ayant acquitt\u00e9 la TVA et souhaitant conserver ce statut \u00e0 leur retour en Europe. Sur cette base, FLYN-YACHTING \u00e9tablira un certificat retra\u00e7ant les mouvements du yacht correspondant aux 3 derni\u00e8res ann\u00e9es, et prouvera ainsi que le yacht est revenu dans les eaux europ\u00e9ennes avant l\u2019expiration du d\u00e9lai de 3 ann\u00e9es\u00a0; cela lui permettra de r\u00e9cup\u00e9rer son statut communautaire et de se retrouver en libre circulation au sein de l\u2019Union Europ\u00e9enne.<\/p>\n","protected":false},"excerpt":{"rendered":"<p>Le code des douanes de l&rsquo;Union, en ce qui concerne le r\u00e9gime des retours (RGR), dispose que les yachts ayant perdu leur statut communautaire, apr\u00e8s avoir \u00e9t\u00e9 export\u00e9s en tant que yachts communautaires hors du territoire de l&rsquo;UE, peuvent \u00eatre r\u00e9import\u00e9s au sein de l\u2019Union Europ\u00e9enne dans un d\u00e9lai de trois ans et d\u00e9clar\u00e9s comme [&hellip;]<\/p>\n","protected":false},"featured_media":1516,"template":"","meta":{"_et_pb_use_builder":"","_et_pb_old_content":"","_et_gb_content_width":"","_mo_disable_npp":"","inline_featured_image":false,"cybocfi_hide_featured_image":"","iawp_total_views":5},"product_brand":[],"product_cat":[39],"product_tag":[27],"class_list":{"0":"post-1489","1":"product","2":"type-product","3":"status-publish","4":"has-post-thumbnail","6":"product_cat-returned-goods-relief","7":"product_tag-returned-goods-relief","9":"first","10":"instock","11":"shipping-taxable","12":"product-type-simple"},"_links":{"self":[{"href":"https:\/\/flyn-yachting.com\/fr_FR\/wp-json\/wp\/v2\/product\/1489","targetHints":{"allow":["GET"]}}],"collection":[{"href":"https:\/\/flyn-yachting.com\/fr_FR\/wp-json\/wp\/v2\/product"}],"about":[{"href":"https:\/\/flyn-yachting.com\/fr_FR\/wp-json\/wp\/v2\/types\/product"}],"wp:featuredmedia":[{"embeddable":true,"href":"https:\/\/flyn-yachting.com\/fr_FR\/wp-json\/wp\/v2\/media\/1516"}],"wp:attachment":[{"href":"https:\/\/flyn-yachting.com\/fr_FR\/wp-json\/wp\/v2\/media?parent=1489"}],"wp:term":[{"taxonomy":"product_brand","embeddable":true,"href":"https:\/\/flyn-yachting.com\/fr_FR\/wp-json\/wp\/v2\/product_brand?post=1489"},{"taxonomy":"product_cat","embeddable":true,"href":"https:\/\/flyn-yachting.com\/fr_FR\/wp-json\/wp\/v2\/product_cat?post=1489"},{"taxonomy":"product_tag","embeddable":true,"href":"https:\/\/flyn-yachting.com\/fr_FR\/wp-json\/wp\/v2\/product_tag?post=1489"}],"curies":[{"name":"wp","href":"https:\/\/api.w.org\/{rel}","templated":true}]}}