{"id":1486,"date":"2022-05-23T15:41:39","date_gmt":"2022-05-23T13:41:39","guid":{"rendered":"https:\/\/flyn-yachting.com\/?post_type=product&#038;p=1486"},"modified":"2026-02-27T08:51:50","modified_gmt":"2026-02-27T07:51:50","slug":"certificat-de-positionnement-dans-le-cadre-dune-vente","status":"publish","type":"product","link":"https:\/\/flyn-yachting.com\/fr_FR\/produit\/certificat-de-positionnement-dans-le-cadre-dune-vente\/","title":{"rendered":"Certificat de positionnement dans le cadre d&rsquo;une vente de yacht"},"content":{"rendered":"<p>Afin de r\u00e9aliser une vente hors-taxes, il est imp\u00e9ratif d\u2019effectuer cette vente hors du territoire fiscal de l\u2019EU. Certains pays acceptent la vente \u00e0 l\u2019occasion d\u2019une simple sortie des eaux territoriales (France), tandis que d\u2019autres (Espagne) exigent le passage dans un pays tiers (typiquement Tunisie, Alg\u00e9rie, Maroc, Gibraltar\u2026). Il convient donc d\u2019apporter la preuve de la pr\u00e9sence du yacht dans les eaux internationales, voire en provenance des eaux d\u2019un pays tiers, au moment de la vente. Dans d\u2019autres cas de vente, il est recherch\u00e9 d\u2019effectuer cette vente dans un territoire de l\u2019UE, de fa\u00e7on \u00e0 maintenir le b\u00e9n\u00e9fice de la TVA pay\u00e9e.<\/p>\n<p>FLYN-YACHTING va suivre les mouvements du yacht pendant le temps requis pour apporter les \u00e9l\u00e9ments de preuve exig\u00e9s.<\/p>\n<div id=\"attachment_1487\" style=\"width: 251px\" class=\"wp-caption alignright\"><img loading=\"lazy\" decoding=\"async\" aria-describedby=\"caption-attachment-1487\" class=\"size-medium wp-image-1487\" src=\"https:\/\/flyn-yachting.com\/wp-content\/uploads\/2022\/05\/Image3-241x300.png\" alt=\"\" width=\"241\" height=\"300\" \/><p id=\"caption-attachment-1487\" class=\"wp-caption-text\">Exemple d&rsquo;une vente en eaux internationales.<\/p><\/div>\n<p>Sur cette base, FLYN-YACHTING va \u00e9tablir une <strong>attestation<\/strong> \u00e9crite qui indiquera pr\u00e9cis\u00e9ment le <strong>cr\u00e9neau de temps pendant lequel le yacht \u00e9tait dans les eaux internationales<\/strong>, avec le cas \u00e9ch\u00e9ant la provenance d\u2019un pays tiers. Pour le maintien du b\u00e9n\u00e9fice de la TVA pay\u00e9e, c\u2019est \u00e0 contrario la preuve de la pr\u00e9sence dans le pays consid\u00e9r\u00e9 au moment de la vente qui sera certifi\u00e9e. Une carte d\u00e9taill\u00e9e, incluant les limites des eaux territoriales, les points d\u2019entr\u00e9e sortie et la liste compl\u00e8te des points (longitude, latitude, date-heure) probants est jointe au certificat.<\/p>\n<p>Le simple rapprochement entre la date-heure pr\u00e9cise du certificat de vente et l\u2019attestation de FLYN-YACHTING permet de d\u00e9montrer, avec valeur juridique, la qualification de vente en eaux internationales ou au contraire, pour une vente \u00ab\u00a0TVA pay\u00e9e\u00a0\u00bb de la vente dans le territoire.<\/p>\n","protected":false},"excerpt":{"rendered":"<p>Afin de r\u00e9aliser une vente hors-taxes, il est imp\u00e9ratif d\u2019effectuer cette vente hors du territoire fiscal de l\u2019EU. Certains pays acceptent la vente \u00e0 l\u2019occasion d\u2019une simple sortie des eaux territoriales (France), tandis que d\u2019autres (Espagne) exigent le passage dans un pays tiers (typiquement Tunisie, Alg\u00e9rie, Maroc, Gibraltar\u2026). Il convient donc d\u2019apporter la preuve de [&hellip;]<\/p>\n","protected":false},"featured_media":1519,"template":"","meta":{"_et_pb_use_builder":"","_et_pb_old_content":"","_et_gb_content_width":"","_mo_disable_npp":"","inline_featured_image":false,"cybocfi_hide_featured_image":"","iawp_total_views":13},"product_brand":[],"product_cat":[37],"product_tag":[32],"class_list":{"0":"post-1486","1":"product","2":"type-product","3":"status-publish","4":"has-post-thumbnail","6":"product_cat-sale","7":"product_tag-certificate-of-position-in-the-case-of-a-sale","9":"first","10":"instock","11":"shipping-taxable","12":"product-type-simple"},"_links":{"self":[{"href":"https:\/\/flyn-yachting.com\/fr_FR\/wp-json\/wp\/v2\/product\/1486","targetHints":{"allow":["GET"]}}],"collection":[{"href":"https:\/\/flyn-yachting.com\/fr_FR\/wp-json\/wp\/v2\/product"}],"about":[{"href":"https:\/\/flyn-yachting.com\/fr_FR\/wp-json\/wp\/v2\/types\/product"}],"wp:featuredmedia":[{"embeddable":true,"href":"https:\/\/flyn-yachting.com\/fr_FR\/wp-json\/wp\/v2\/media\/1519"}],"wp:attachment":[{"href":"https:\/\/flyn-yachting.com\/fr_FR\/wp-json\/wp\/v2\/media?parent=1486"}],"wp:term":[{"taxonomy":"product_brand","embeddable":true,"href":"https:\/\/flyn-yachting.com\/fr_FR\/wp-json\/wp\/v2\/product_brand?post=1486"},{"taxonomy":"product_cat","embeddable":true,"href":"https:\/\/flyn-yachting.com\/fr_FR\/wp-json\/wp\/v2\/product_cat?post=1486"},{"taxonomy":"product_tag","embeddable":true,"href":"https:\/\/flyn-yachting.com\/fr_FR\/wp-json\/wp\/v2\/product_tag?post=1486"}],"curies":[{"name":"wp","href":"https:\/\/api.w.org\/{rel}","templated":true}]}}