{"id":1481,"date":"2022-05-23T15:31:31","date_gmt":"2022-05-23T13:31:31","guid":{"rendered":"https:\/\/flyn-yachting.com\/?post_type=product&#038;p=1481"},"modified":"2026-03-19T09:44:11","modified_gmt":"2026-03-19T08:44:11","slug":"calcul-de-la-tva-due-dans-le-cadre-dun-contract-commercial","status":"publish","type":"product","link":"https:\/\/flyn-yachting.com\/fr_FR\/produit\/calcul-de-la-tva-due-dans-le-cadre-dun-contract-commercial\/","title":{"rendered":"Calcul de la TVA due dans le cadre d&rsquo;un contract commercial"},"content":{"rendered":"<p>R\u00e8gle de base : n\u2019est taxable que l\u2019activit\u00e9 qui se tient dans le territoire fiscal c\u2019est-\u00e0-dire les eaux europ\u00e9ennes pour le charter (location) ou nationales pour le transport(croisi\u00e8re). Lorsque le yacht n\u2019est plus dans le territoire fiscal consid\u00e9r\u00e9, il n\u2019y a pas de taxation de TVA. Seules la France et l\u2019Italie appliquent cette r\u00e8gle.<\/p>\n<h5><a name=\"_Toc63670246\"><\/a><a name=\"_Toc99983158\"><\/a>Dans le cas d\u2019un contrat de charter au d\u00e9part de France<\/h5>\n<p><strong>L\u2019activit\u00e9 est mesur\u00e9e par le temps pass\u00e9 en activit\u00e9 commerciale<\/strong>. La TVA due sera calcul\u00e9e uniquement au prorata du temps pass\u00e9 dans les eaux communautaires. FLYN-YACHTING va donc calculer \u00e0 partir des points AIS les temps pass\u00e9s dans les diff\u00e9rentes eaux nationales (EU \/ non-EU) et internationales, d\u00e9terminer le montant de l\u2019assiette de la TVA (montant du charter r\u00e9duit au temps pass\u00e9 en eaux communautaires sur le temps total) et donc le montant de la TVA elle-m\u00eame. Le taux de TVA applicable est celui du pays de d\u00e9part pour les prestations de location, ici 20% en France.<\/p>\n<p>Hormis des cas assez particuliers d\u2019itin\u00e9raires avec l\u2019essentiel du temps en dehors des eaux communautaires ou de destination finale hors UE, le taux r\u00e9sultant de TVA n\u2019est g\u00e9n\u00e9ralement pas tr\u00e8s inf\u00e9rieur \u00e0 20%.<\/p>\n<p><img loading=\"lazy\" decoding=\"async\" class=\"alignright wp-image-1482 size-medium\" src=\"https:\/\/flyn-yachting.com\/wp-content\/uploads\/2022\/05\/Image1-300x266.jpg\" alt=\"\" width=\"300\" height=\"266\" \/><\/p>\n<p><em><strong>Exemple: D\u00e9part C\u00f4te d\u2019Azur \u2013 Ibiza \u2013 C\u00f4te d\u2019Azur<\/strong> <\/em><\/p>\n<p><em>Charter du 10 au 17 aout<\/em><\/p>\n<p><em>Vitesse de croisi\u00e8re 14 n\u0153uds<\/em><\/p>\n<p><em>Escale de 3 jours et 18h dans les eaux espagnoles autour d\u2019Ibiza<\/em><\/p>\n<p><em>Temps pass\u00e9s en eaux fran\u00e7aises\u00a0: 8 heures<\/em><\/p>\n<p><em>Temps pass\u00e9 dans les eaux espagnoles\u00a0: 118 heures<\/em><\/p>\n<p><em>Temps pass\u00e9 en eaux internationales\u00a0: 43 heures<\/em><\/p>\n<p><em>Pro rata de TVA 20%\u00a0: (8+118) \/(8+118+43)=74.5% soit une <strong>TVA r\u00e9sultante de 14.9%<\/strong> sur ce contrat de charter<\/em><\/p>\n<p>&nbsp;<\/p>\n<h5><a name=\"_Toc63670247\"><\/a><a name=\"_Toc99983159\"><\/a>Dans le cas d\u2019un contrat de charter au d\u00e9part d\u2019Italie<\/h5>\n<p><strong>L\u2019activit\u00e9 est mesur\u00e9e par le temps pass\u00e9 en activit\u00e9 commerciale<\/strong>. La TVA due sera calcul\u00e9e uniquement au prorata du temps pass\u00e9 dans les eaux communautaires. FLYN-YACHTING va donc calculer \u00e0 partir des points AIS les temps pass\u00e9s dans les diff\u00e9rentes eaux nationales (EU \/ non-EU) et internationales, d\u00e9terminer le montant de l\u2019assiette de la TVA (montant du charter r\u00e9duit au temps pass\u00e9 en eaux communautaires sur le temps total) et donc le montant de la TVA elle-m\u00eame. Le taux de TVA applicable est celui du pays de d\u00e9part pour les prestations de location, ici 22 % en Italie.<\/p>\n<div id=\"attachment_1483\" style=\"width: 310px\" class=\"wp-caption alignright\"><img loading=\"lazy\" decoding=\"async\" aria-describedby=\"caption-attachment-1483\" class=\"wp-image-1483 size-medium\" src=\"https:\/\/flyn-yachting.com\/wp-content\/uploads\/2022\/05\/Image2-300x212.png\" alt=\"\" width=\"300\" height=\"212\" \/><p id=\"caption-attachment-1483\" class=\"wp-caption-text\">L\u00e9gende : Bleu : eaux internationales \u2013 Vert : eaux communautaires \u2013 Rouge : points de transition<\/p><\/div>\n<p><em><strong>Exemple\u00a0: d\u00e9part Italie (Naples vers la Sardaigne, sud Corse, Toscane et retour Naples)<\/strong><\/em><\/p>\n<p><em>Charter du 10 au 15 ao\u00fbt<\/em><\/p>\n<p><em>Vitesse de croisi\u00e8re 12 n\u0153uds<\/em><\/p>\n<p><em>Escales diverses en Italie et en France<\/em><\/p>\n<p><em>Temps pass\u00e9 dans les eaux italiennes\u00a0: 81 heures<\/em><\/p>\n<p><em>Temps pass\u00e9 dans les eaux fran\u00e7aises\u00a0: 17 heures<\/em><\/p>\n<p><em>Temps pass\u00e9 en eaux internationales\u00a0: 32 heures<\/em><\/p>\n<p><em>Pro rata de TVA 22%\u00a0: (81+17) \/(81+17+32)=75,6% soit une <strong>TVA r\u00e9sultante de 16,6%<\/strong> sur ce contrat de charter<\/em><\/p>\n<p>&nbsp;<\/p>\n<h5><a name=\"_Toc99983160\"><\/a><a name=\"_Toc63670248\"><\/a>Dans le cas d\u2019un contrat de transport au d\u00e9part de France<\/h5>\n<p><strong>L\u2019activit\u00e9 se mesure par la distance parcourue<\/strong> au cours de la prestation de transport.<\/p>\n<p>La TVA n\u2019est appliqu\u00e9e que sur l\u2019activit\u00e9 c\u2019est-\u00e0-dire la distance parcourue dans les eaux territoriales du pays de d\u00e9part. Hors des eaux territoriales de ce pays, la TVA ne s\u2019applique pas. Le taux de TVA applicable est celui du pays de d\u00e9part pour les prestations de transport (10% pour une navigation dans les eaux continentales fran\u00e7aises, 0% pour une navigation internationale).<\/p>\n<p>Le voyage est <strong>qualifi\u00e9 d\u2019\u00ab\u00a0international\u00a0\u00bb<\/strong> si\u00a0:<\/p>\n<ul>\n<li>le port final du trajet consid\u00e9r\u00e9, qualifi\u00e9 par un d\u00e9barquement et\/ou embarquement de passagers, est dans un pays diff\u00e9rent de celui de d\u00e9part<\/li>\n<li>une escale commerciale sans d\u00e9barquement de passagers, mais avec achat par le bord et\/ou par les passagers de biens et de services a eu lieu dans un pays diff\u00e9rent du pays de d\u00e9part.<\/li>\n<\/ul>\n<p>Le principe appliqu\u00e9 est que les voyages qualifi\u00e9s d\u2019\u00ab\u00a0internationaux\u00a0\u00bb sont totalement exon\u00e9r\u00e9s de TVA transport au d\u00e9part de tous les pays de l\u2019Union Europ\u00e9enne.<\/p>\n<p>&nbsp;<\/p>\n<p>Il peut exister des taux r\u00e9duits de TVA transport\u00a0: c\u2019est le cas du transport maritime dans les eaux territoriales fran\u00e7aises de Corse\u00a0: taux r\u00e9duit \u00e0 2,1% au lieu de 10%.<\/p>\n<p>Il peut \u00e9galement y avoir des exon\u00e9rations totales de TVA pour certains types de transport\u00a0: c\u2019est le cas du transport de passagers entre la France continentale et la Corse sous certaines conditions.<\/p>\n<p>Dans le cas d\u2019un voyage qui n\u2019est pas international, la TVA applicable ne se fera que sur la proportion des distances parcourues dans les eaux du pays de d\u00e9part, au taux applicable. Ainsi un itin\u00e9raire Cannes-Cannes passant par Bonifacio (sans autre escale en Corse), l\u2019assiette de TVA sera calcul\u00e9e sur la base du montant du transport r\u00e9duit des distances en eaux non fran\u00e7aises, et r\u00e9partie, au taux de 10% (TVA transport de base en France) pour la part dans les eaux continentales, et au taux de 2,1% (TVA transport r\u00e9duite dans les eaux corses).<\/p>\n<p>&nbsp;<\/p>\n<p><em>En appliquant au m\u00eame itin\u00e9raire que dans l\u2019exemple \u00ab\u00a0au charter\u00a0\u00bb pr\u00e9c\u00e9dent\u00a0:<\/em><\/p>\n<p><em><strong>Exemple : D\u00e9part C\u00f4te d\u2019Azur \u2013 Ibiza \u2013 C\u00f4te d\u2019Azur<\/strong><\/em><\/p>\n<div id=\"attachment_1482\" style=\"width: 310px\" class=\"wp-caption alignright\"><img loading=\"lazy\" decoding=\"async\" aria-describedby=\"caption-attachment-1482\" class=\"wp-image-1482 size-medium\" src=\"https:\/\/flyn-yachting.com\/wp-content\/uploads\/2022\/05\/Image1-300x266.jpg\" alt=\"\" width=\"300\" height=\"266\" \/><p id=\"caption-attachment-1482\" class=\"wp-caption-text\">A noter que l\u2019itin\u00e9raire aurait m\u00eame pu \u00eatre optimis\u00e9, en sortant au plus direct de Cannes vers les eaux internationales (et l\u2019inverse au retour), ce qui aurait encore r\u00e9duit la distance dans les eaux fran\u00e7aises \u00e0 24\/760 ~3.1% du trajet, soit une TVA de \u20260.3% au lieu de 1.4%.<\/p><\/div>\n<p><em>Charter du 10 au 17 aout<\/em><\/p>\n<p><em>Vitesse de croisi\u00e8re indiff\u00e9rente<\/em><\/p>\n<p><em>Escales diverses dans les eaux espagnoles autour d\u2019Ibiza<\/em><\/p>\n<p><em>Distances parcourues en eaux fran\u00e7aises\u00a0: 110.5 NM<\/em><\/p>\n<p><em>Distances parcourues en eaux espagnoles\u00a0: 55.7 NM<\/em><\/p>\n<p><em>Distances parcourues en eaux internationales\u00a0: 598.6 NM<\/em><\/p>\n<p><em>Le calcul de TVA donne, <strong>pour le m\u00eame itin\u00e9raire que dans l\u2019exemple pr\u00e9c\u00e9dent au charter<\/strong>, un <strong>taux de TVA de 1,4% au lieu de 14,9%<\/strong><a href=\"#_ftn1\" name=\"_ftnref1\">[1]<\/a>.<\/em><\/p>\n<p><em><a href=\"#_ftnref1\" name=\"_ftn1\">[1]<\/a> Avantage sur la seule TVA, ind\u00e9pendamment des avantages fiscaux suppl\u00e9mentaires sur le co\u00fbt du fuel.<\/em><\/p>\n","protected":false},"excerpt":{"rendered":"<p>R\u00e8gle de base : n\u2019est taxable que l\u2019activit\u00e9 qui se tient dans le territoire fiscal c\u2019est-\u00e0-dire les eaux europ\u00e9ennes pour le charter (location) ou nationales pour le transport(croisi\u00e8re). Lorsque le yacht n\u2019est plus dans le territoire fiscal consid\u00e9r\u00e9, il n\u2019y a pas de taxation de TVA. Seules la France et l\u2019Italie appliquent cette r\u00e8gle. Dans [&hellip;]<\/p>\n","protected":false},"featured_media":1522,"template":"","meta":{"_et_pb_use_builder":"","_et_pb_old_content":"","_et_gb_content_width":"","_mo_disable_npp":"","inline_featured_image":false,"cybocfi_hide_featured_image":"","iawp_total_views":34},"product_brand":[],"product_cat":[36],"product_tag":[35],"class_list":{"0":"post-1481","1":"product","2":"type-product","3":"status-publish","4":"has-post-thumbnail","6":"product_cat-vat-70","7":"product_tag-vat","9":"first","10":"instock","11":"shipping-taxable","12":"product-type-simple"},"_links":{"self":[{"href":"https:\/\/flyn-yachting.com\/fr_FR\/wp-json\/wp\/v2\/product\/1481","targetHints":{"allow":["GET"]}}],"collection":[{"href":"https:\/\/flyn-yachting.com\/fr_FR\/wp-json\/wp\/v2\/product"}],"about":[{"href":"https:\/\/flyn-yachting.com\/fr_FR\/wp-json\/wp\/v2\/types\/product"}],"wp:featuredmedia":[{"embeddable":true,"href":"https:\/\/flyn-yachting.com\/fr_FR\/wp-json\/wp\/v2\/media\/1522"}],"wp:attachment":[{"href":"https:\/\/flyn-yachting.com\/fr_FR\/wp-json\/wp\/v2\/media?parent=1481"}],"wp:term":[{"taxonomy":"product_brand","embeddable":true,"href":"https:\/\/flyn-yachting.com\/fr_FR\/wp-json\/wp\/v2\/product_brand?post=1481"},{"taxonomy":"product_cat","embeddable":true,"href":"https:\/\/flyn-yachting.com\/fr_FR\/wp-json\/wp\/v2\/product_cat?post=1481"},{"taxonomy":"product_tag","embeddable":true,"href":"https:\/\/flyn-yachting.com\/fr_FR\/wp-json\/wp\/v2\/product_tag?post=1481"}],"curies":[{"name":"wp","href":"https:\/\/api.w.org\/{rel}","templated":true}]}}