{"id":69,"date":"2021-02-05T13:46:10","date_gmt":"2021-02-05T12:46:10","guid":{"rendered":"https:\/\/flyn-yachting.com\/?page_id=69"},"modified":"2021-03-03T13:18:23","modified_gmt":"2021-03-03T12:18:23","slug":"politique-de-cookies","status":"publish","type":"page","link":"https:\/\/flyn-yachting.com\/fr_FR\/politique-de-cookies\/","title":{"rendered":"Politique-de-cookies"},"content":{"rendered":"<p>[et_pb_section fb_built=\u00a0\u00bb1&Prime; admin_label=\u00a0\u00bbsection\u00a0\u00bb _builder_version=\u00a0\u00bb3.22&Prime;][et_pb_row admin_label=\u00a0\u00bbrow\u00a0\u00bb _builder_version=\u00a0\u00bb3.25&Prime; background_size=\u00a0\u00bbinitial\u00a0\u00bb background_position=\u00a0\u00bbtop_left\u00a0\u00bb background_repeat=\u00a0\u00bbrepeat\u00a0\u00bb][et_pb_column type=\u00a0\u00bb4_4&Prime; _builder_version=\u00a0\u00bb3.25&Prime; custom_padding=\u00a0\u00bb|||\u00a0\u00bb custom_padding__hover=\u00a0\u00bb|||\u00a0\u00bb][et_pb_text _builder_version=\u00a0\u00bb4.8.2&Prime; _module_preset=\u00a0\u00bbdefault\u00a0\u00bb]<\/p>\n<h1 style=\"text-align: justify;\"><strong>Politique de cookies du Site\u00a0FLYN-YACHTING <a href=\"http:\/\/www.flyn-yachting.com\">www.flyn-yachting.com<\/a><\/strong><\/h1>\n<h2 style=\"text-align: justify;\"><strong><\/strong><\/h2>\n<h2 style=\"text-align: justify;\"><strong><\/strong><\/h2>\n<h2 style=\"text-align: justify;\"><strong><\/strong><\/h2>\n<h2 style=\"text-align: justify;\"><strong>1. CONTEXTE \u2013 QU\u2019EST-CE QU\u2019UN COOKIE ?<\/strong><\/h2>\n<p style=\"text-align: justify;\"><strong><\/strong><\/p>\n<p style=\"text-align: justify;\">Un cookie est un fichier texte contenant une petite quantit\u00e9 d\u2019informations qui est install\u00e9 sur votre ordinateur ou votre p\u00e9riph\u00e9rique mobile lors de votre premi\u00e8re visite sur un site Internet. Nous utilisons des cookies afin d\u2019am\u00e9liorer le fonctionnement de notre site pour nos utilisateurs. Les cookies remplissent un certain nombre de fonctions : ils vous permettent, par exemple, de naviguer de mani\u00e8re fluide entre les pages, retiennent vos pr\u00e9f\u00e9rences, et permettent en g\u00e9n\u00e9ral d\u2019am\u00e9liorer l\u2019exp\u00e9rience de l\u2019utilisateur. Vous trouverez davantage d\u2019informations sur les cookies en consultant les sites suivants :<\/p>\n<p style=\"text-align: justify;\"><a href=\"http:\/\/www.allaboutcookies.org\" target=\"_blank\" rel=\"noopener\">www.allaboutcookies.org<\/a><\/p>\n<p style=\"text-align: justify;\"><a href=\"http:\/\/www.aboutcookies.org\" target=\"_blank\" rel=\"noopener\">www.aboutcookies.org<\/a><\/p>\n<p style=\"text-align: justify;\"><a href=\"http:\/\/www.youronlinechoices.eu\" target=\"_blank\" rel=\"noopener\">www.youronlinechoices.eu<\/a><\/p>\n<p style=\"text-align: justify;\"><a href=\"https:\/\/www.cnil.fr\/fr\/cookies-les-outils-pour-les-maitriser\" target=\"_blank\" rel=\"noopener\">https:\/\/www.cnil.fr\/fr\/cookies-les-outils-pour-les-maitriser<\/a><\/p>\n<p style=\"text-align: justify;\">\n<p style=\"text-align: justify;\">En utilisant notre site Internet, vous nous autorisez \u00e0 installer des cookies sur votre navigateur internet. Cette politique est con\u00e7ue pour vous expliquer \u00e0 quoi nous servent ces cookies et ce qu\u2019ils font.\u00a0Les cookies collectent et stockent les donn\u00e9es dans votre navigateur pendant une dur\u00e9e variable, fonction de leur finalit\u00e9.\u00a0<\/p>\n<p style=\"text-align: justify;\">\n<p style=\"text-align: justify;\">\n<h2 style=\"text-align: justify;\"><strong>2. COMMENT\u00a0PARAM\u00c9TRER LES COOKIES\u00a0?<\/strong><strong>\u00a0<\/strong><\/h2>\n<p style=\"text-align: justify;\">Dans votre navigateur internet vous trouverez des pages d\u2019aide \u00e0 la gestion des cookies. En le param\u00e9trant, vous pourrez notamment accepter, refuser ou supprimer tout ou partie des cookies dans votre navigateur. Pour les principaux navigateurs, suivre les liens suivants\u00a0:<\/p>\n<p style=\"text-align: justify;\">Mozilla Firefox\u00a0: <a href=\"https:\/\/support.mozilla.org\/fr\/locales\" target=\"_blank\" rel=\"noopener\">https:\/\/support.mozilla.org\/fr\/locales<\/a><\/p>\n<p style=\"text-align: justify;\">Chrome\u00a0: <a href=\"https:\/\/support.google.com\/chrome\/answer\/95647?hl=fr\" target=\"_blank\" rel=\"noopener\">https:\/\/support.google.com\/chrome\/answer\/95647?hl=fr<\/a><\/p>\n<p style=\"text-align: justify;\">Internet Explorer\u00a0: <a href=\"https:\/\/support.microsoft.com\/fr-fr\/help\/17442\/windows-internet-explorer-delete-manage-cookies\" target=\"_blank\" rel=\"noopener\">https:\/\/support.microsoft.com\/fr-fr\/help\/17442\/windows-internet-explorer-delete-manage-cookies<\/a><\/p>\n<p style=\"text-align: justify;\">Safari\u00a0: <a href=\"https:\/\/support.apple.com\/fr-fr\/guide\/safari\/manage-cookies-and-website-data-sfri11471\/mac\" target=\"_blank\" rel=\"noopener\">https:\/\/support.apple.com\/fr-fr\/guide\/safari\/manage-cookies-and-website-data-sfri11471\/mac<\/a><\/p>\n<p style=\"text-align: justify;\">Op\u00e9ra\u00a0: <a href=\"http:\/\/help.opera.com\/Windows\/10.20\/fr\/cookies.html\" target=\"_blank\" rel=\"noopener\">http:\/\/help.opera.com\/Windows\/10.20\/fr\/cookies.html<\/a><\/p>\n<p style=\"text-align: justify;\">Si vous configurez votre navigateur internet de telle sorte que toute ou partie des cookies soit refus\u00e9e ou supprim\u00e9e, vous continuerez \u00e0 acc\u00e9der aux informations de ce site web. Toutefois, la d\u00e9sactivation ou suppression des cookies pourrait rendre difficile la navigation sur le site ou limiter l\u2019utilisation de certains services propos\u00e9s.\u00a0<\/p>\n<p style=\"text-align: justify;\">\n<p style=\"text-align: justify;\">\n<h2 style=\"text-align: justify;\"><strong>3. COOKIES STRICTEMENT N\u00c9CESSAIRES<\/strong><strong>\u00a0<\/strong><\/h2>\n<p style=\"text-align: justify;\">ces cookies sont n\u00e9cessaires au bon fonctionnement de notre site Internet.<\/p>\n<p style=\"text-align: justify;\">\n<p style=\"text-align: justify;\">\n<h2 style=\"text-align: justify;\"><strong>4. COOKIES DE MESURE D\u2019AUDIENCES\u00a0<\/strong><\/h2>\n<p style=\"text-align: justify;\">ces cookies recueillent des informations sur l\u2019utilisation du site Internet par les visiteurs, les pages les plus visit\u00e9es et les messages d\u2019erreur re\u00e7us. Les informations recueillies sont anonymes et nous aident \u00e0 am\u00e9liorer le fonctionnement de notre site. Elles ne permettent pas d\u2019identifier les personnes concern\u00e9es. Les Cookies de suivi et de mesure d\u2019audience peuvent \u00eatre \u00e9mis par nous ou par des prestataires techniques, aux seules fins de mesurer l\u2019audience des diff\u00e9rents contenus et rubriques de notre site, dans un objectif d\u2019\u00e9valuation et d\u2019organisation dudit site. Ces Cookies permettent \u00e9galement, le cas \u00e9ch\u00e9ant, de d\u00e9tecter des probl\u00e8mes de navigation et par cons\u00e9quent d\u2019am\u00e9liorer nos services. Ces Cookies ne produisent que des statistiques anonymes et des volumes de fr\u00e9quentation. Nous utilisons des cookies fournis par Google Analytics afin d\u2019\u00e9valuer l\u2019efficacit\u00e9 de nos publicit\u00e9s et de comprendre la mani\u00e8re dont les visiteurs utilisent notre site. Ces informations nous permettent de savoir quelle sont les pages les plus populaires, les produits qui int\u00e9ressent le plus nos clients et le type d\u2019offres qu\u2019ils pr\u00e9f\u00e8rent. Bien que ce soit Google Analytics qui enregistre pour nous les informations fournies par le site, nous contr\u00f4lons l\u2019utilisation des donn\u00e9es. Si vous ne souhaitez pas participer \u00e0 l\u2019am\u00e9lioration de notre site Internet, de nos produits, de nos offres et de notre strat\u00e9gie marketing, vous pouvez d\u00e9sactiver cet outil d\u2019analyse de sites Internet en cliquant sur le lien suivant : https:\/\/tools.google.com\/dlpage\/gaoptout?hl=fr\u00a0<\/p>\n<p style=\"text-align: justify;\">\n<h2 style=\"text-align: justify;\"><strong>5. COOKIES DE FONCTIONNALIT\u00c9<\/strong><\/h2>\n<p style=\"text-align: justify;\">Ces cookies nous permettent de m\u00e9moriser les choix que vous avez fait (par exemple : votre nom d\u2019utilisateur, votre langue) et de vous proposer de meilleures fonctionnalit\u00e9s qui seront personnalis\u00e9es. Les informations collect\u00e9es par ces cookies ne permettent pas de suivre votre activit\u00e9 sur les autres sites visit\u00e9s.\u00a0<\/p>\n<p style=\"text-align: justify;\">\n<h2 style=\"text-align: justify;\"><strong>6. LES INFORMATIONS SONT-ELLES \u00c0 JOUR ?<\/strong><\/h2>\n<p style=\"text-align: justify;\">Notre site Internet est actualis\u00e9 r\u00e9guli\u00e8rement. Nous nous r\u00e9servons le droit de modifier cette politique lorsque des changements concernant la configuration et\/ou l\u2019utilisation des cookies ont lieu sur notre site web. Cette politique d\u2019utilisation des cookies sera mise \u00e0 jour en cas de mise en place de nouveaux cookies ou de modification des param\u00e8tres.\u00a0<\/p>\n<p style=\"text-align: justify;\">\n<h2 style=\"text-align: justify;\"><strong>7. SITES INTERNET TIERS<\/strong><\/h2>\n<p style=\"text-align: justify;\">Notre site Internet contient des liens renvoyant vers d\u2019autres sites, et nous ne savons pas quels sont les cookies utilis\u00e9s par ces derniers. Pour en savoir plus, veuillez consulter les informations fournies par ces sites tiers sur leurs propres cookies.\u00a0<\/p>\n<p style=\"text-align: justify;\">\n<p>[\/et_pb_text][\/et_pb_column][\/et_pb_row][\/et_pb_section]<\/p>\n","protected":false},"excerpt":{"rendered":"<p>Politique de cookies du Site\u00a0FLYN-YACHTING www.flyn-yachting.com 1. CONTEXTE \u2013 QU\u2019EST-CE QU\u2019UN COOKIE ? Un cookie est un fichier texte contenant une petite quantit\u00e9 d\u2019informations qui est install\u00e9 sur votre ordinateur ou votre p\u00e9riph\u00e9rique mobile lors de votre premi\u00e8re visite sur un site Internet. Nous utilisons des cookies afin d\u2019am\u00e9liorer le fonctionnement de notre site pour [&hellip;]<\/p>\n","protected":false},"author":1,"featured_media":0,"parent":0,"menu_order":0,"comment_status":"closed","ping_status":"closed","template":"","meta":{"_et_pb_use_builder":"on","_et_pb_old_content":"","_et_gb_content_width":"","_mo_disable_npp":"","inline_featured_image":false,"cybocfi_hide_featured_image":"","iawp_total_views":32,"footnotes":""},"class_list":["post-69","page","type-page","status-publish","hentry"],"_links":{"self":[{"href":"https:\/\/flyn-yachting.com\/fr_FR\/wp-json\/wp\/v2\/pages\/69","targetHints":{"allow":["GET"]}}],"collection":[{"href":"https:\/\/flyn-yachting.com\/fr_FR\/wp-json\/wp\/v2\/pages"}],"about":[{"href":"https:\/\/flyn-yachting.com\/fr_FR\/wp-json\/wp\/v2\/types\/page"}],"author":[{"embeddable":true,"href":"https:\/\/flyn-yachting.com\/fr_FR\/wp-json\/wp\/v2\/users\/1"}],"replies":[{"embeddable":true,"href":"https:\/\/flyn-yachting.com\/fr_FR\/wp-json\/wp\/v2\/comments?post=69"}],"version-history":[{"count":7,"href":"https:\/\/flyn-yachting.com\/fr_FR\/wp-json\/wp\/v2\/pages\/69\/revisions"}],"predecessor-version":[{"id":534,"href":"https:\/\/flyn-yachting.com\/fr_FR\/wp-json\/wp\/v2\/pages\/69\/revisions\/534"}],"wp:attachment":[{"href":"https:\/\/flyn-yachting.com\/fr_FR\/wp-json\/wp\/v2\/media?parent=69"}],"curies":[{"name":"wp","href":"https:\/\/api.w.org\/{rel}","templated":true}]}}