{"id":3,"date":"2021-01-26T06:56:13","date_gmt":"2021-01-26T05:56:13","guid":{"rendered":"http:\/\/flyn-yachting.com\/?page_id=3"},"modified":"2026-02-17T11:21:34","modified_gmt":"2026-02-17T10:21:34","slug":"politique-de-confidentialite","status":"publish","type":"page","link":"https:\/\/flyn-yachting.com\/fr_FR\/politique-de-confidentialite\/","title":{"rendered":"Politique de confidentialit\u00e9"},"content":{"rendered":"<p>[et_pb_section fb_built=\u00a0\u00bb1&Prime; admin_label=\u00a0\u00bbSection\u00a0\u00bb _builder_version=\u00a0\u00bb4.16&Prime; global_colors_info=\u00a0\u00bb{}\u00a0\u00bb][et_pb_row _builder_version=\u00a0\u00bb4.16&Prime; background_size=\u00a0\u00bbinitial\u00a0\u00bb background_position=\u00a0\u00bbtop_left\u00a0\u00bb background_repeat=\u00a0\u00bbrepeat\u00a0\u00bb global_colors_info=\u00a0\u00bb{}\u00a0\u00bb][et_pb_column type=\u00a0\u00bb4_4&Prime; _builder_version=\u00a0\u00bb4.16&Prime; custom_padding=\u00a0\u00bb|||\u00a0\u00bb global_colors_info=\u00a0\u00bb{}\u00a0\u00bb custom_padding__hover=\u00a0\u00bb|||\u00a0\u00bb][et_pb_text _builder_version=\u00a0\u00bb4.16&Prime; text_font=\u00a0\u00bbOpen Sans||||||||\u00a0\u00bb text_text_color=\u00a0\u00bb#000000&Prime; text_font_size=\u00a0\u00bb16px\u00a0\u00bb header_text_align=\u00a0\u00bbjustify\u00a0\u00bb header_text_color=\u00a0\u00bb#000000&Prime; header_font_size=\u00a0\u00bb32px\u00a0\u00bb background_size=\u00a0\u00bbinitial\u00a0\u00bb background_position=\u00a0\u00bbtop_left\u00a0\u00bb background_repeat=\u00a0\u00bbrepeat\u00a0\u00bb global_colors_info=\u00a0\u00bb{}\u00a0\u00bb]<\/p>\n<h1 style=\"text-align: justify;\"><strong>Politique de confidentialit\u00e9 du Site\u00a0FLYN-YACHTING <a href=\"http:\/\/www.flyn-yachting.com\/\">www.flyn-yachting.com<\/a> et de la plateforme de prestation de produits et services de FLYN-YACHTING<\/strong><\/h1>\n<h1 style=\"text-align: justify;\"><\/h1>\n<p style=\"text-align: justify;\"><span style=\"font-size: 14px; text-align: justify;\">La Soci\u00e9t\u00e9 FLYN-YACHTING, responsable de traitement au sens du R\u00e8glement G\u00e9n\u00e9ral sur la Protection des Donn\u00e9es n\u00b02016\/679 du 27 avril 2016 (RGPD) et de la Loi dite \u00ab Informatique et Libert\u00e9s \u00bb n\u00b078-17 du 6 janvier 1978, s\u2019engage \u00e0 respecter ses obligations en mati\u00e8re de protection des donn\u00e9es \u00e0 caract\u00e8re personnel.<\/span><\/p>\n<p style=\"text-align: justify;\">Elle utilise vos donn\u00e9es de mani\u00e8re responsable, et confidentielle.<\/p>\n<p style=\"text-align: justify;\">La soci\u00e9t\u00e9 FLYN-YACHTING est une SAS (soci\u00e9t\u00e9 par actions simplifi\u00e9e) au capital de 1200 \u20ac, immatricul\u00e9e au registre du commerce et des soci\u00e9t\u00e9s de Nice, sous le num\u00e9ro 889 424 008 R.C.S. Nice, et ayant son si\u00e8ge social 19 boulevard Dubouchage \u2013 06000 Nice.<\/p>\n<p style=\"text-align: justify;\">La pr\u00e9sente politique de confidentialit\u00e9 s\u2019applique aux traitements de donn\u00e9es \u00e0 caract\u00e8re personnel r\u00e9alis\u00e9s par la soci\u00e9t\u00e9 FLYN-YACHTING via son site internet <a href=\"http:\/\/www.flyn-yachting.com\/\">www.flyn-yachting.com<\/a>, ainsi que sa plateforme de prestations de produits et services, lesquels sont r\u00e9alis\u00e9s conform\u00e9ment aux dispositions du RGPD et de la Loi informatique et Libert\u00e9s.<\/p>\n<p style=\"text-align: justify;\">Une donn\u00e9e personnelle est une information relative \u00e0 une personne physique qui peut \u00eatre identifi\u00e9e directement ou indirectement, soit \u00e0 partir de l\u2019information elle-m\u00eame, soit en croisant plusieurs informations.<\/p>\n<p style=\"text-align: justify;\">Un traitement est constitu\u00e9 par toute op\u00e9ration qui porte sur une donn\u00e9e \u00e0 caract\u00e8re personnel, comme la consultation, l\u2019utilisation, l\u2019organisation, la modification ou la suppression.<\/p>\n<p style=\"text-align: justify;\">La collecte, l\u2019utilisation et l\u2019enregistrement de vos <strong>donn\u00e9es personnelles<\/strong> via ledit formulaire de contact sont n\u00e9cessaires \u00e0 la Soci\u00e9t\u00e9 FLYN-YACHTING afin de r\u00e9pondre aux questions que vous lui adressez. La collecte, l\u2019utilisation et l\u2019enregistrement de vos <strong>donn\u00e9es de navigation ou de situation<\/strong> via tout formulaire de traitement de donn\u00e9es de yacht sont n\u00e9cessaires \u00e0 la Soci\u00e9t\u00e9 FLYN-YACHTING afin d\u2019assurer la prestation de produit ou de service que vous lui commandez.<\/p>\n<p style=\"text-align: justify;\">\n<h3 style=\"text-align: justify;\"><strong><span style=\"color: #333333; font-size: 26px;\">1. Utilisation de vos donn\u00e9es personnelles<\/span><\/strong><\/h3>\n<p style=\"text-align: justify;\">La Soci\u00e9t\u00e9 FLYN-YACHTING traite vos donn\u00e9es \u00e0 caract\u00e8re personnel re\u00e7ues directement de votre part, lorsque vous remplissez le formulaire de contact sur le site ou souscrivez \u00e0 l\u2019offre de prestations et de services FLYN-YACHTING.<\/p>\n<p style=\"text-align: justify;\">Le traitement est n\u00e9cessaire \u00e0 l\u2018ex\u00e9cution de mesures pr\u00e9contractuelles, et ce, \u00e0 votre demande. Le traitement est \u00e9galement n\u00e9cessaire au bon fonctionnement de la plateforme de prestations et de services FLYN-YACHTING.<\/p>\n<p style=\"text-align: justify;\">Les cat\u00e9gories de donn\u00e9es trait\u00e9es sont les suivantes : nom, pr\u00e9nom, adresse mail, t\u00e9l\u00e9phone.<\/p>\n<p style=\"text-align: justify;\">A d\u00e9faut de renseigner ces donn\u00e9es, la Soci\u00e9t\u00e9 FLYN-YACHTING ne sera pas en mesure de satisfaire votre demande.<\/p>\n<p style=\"text-align: justify;\">Lesdites donn\u00e9es sont utilis\u00e9es \u00e0 seule fin de pouvoir vous renseigner, et communiquer avec vous et de\u00a0vous garantir un acc\u00e8s \u00e0 la plateforme.<\/p>\n<p style=\"text-align: justify;\">Les donn\u00e9es \u00e0 caract\u00e8re personnel que vous nous transmettez ne sont accessibles qu\u2019aux personnels de la Soci\u00e9t\u00e9 FLYN-YACHTING habilit\u00e9s.<\/p>\n<p style=\"text-align: justify;\">Les donn\u00e9es collect\u00e9es sont conserv\u00e9es le temps du traitement de votre demande de contact, et de la relation contractuelle si elle se noue.<\/p>\n<p style=\"text-align: justify;\">\u00c0 l\u2019issue de ce d\u00e9lai, la soci\u00e9t\u00e9 FLYN-YACHTING peut conserver ces donn\u00e9es dans une base dite d\u2019archive interm\u00e9diaire, et ce, pendant la dur\u00e9e de prescription l\u00e9gale, dans le seul but de pr\u00e9server ses droits dans l\u2019hypoth\u00e8se d\u2019un \u00e9ventuel contentieux.<\/p>\n<p style=\"text-align: justify;\">\n<h2 style=\"text-align: justify;\"><strong>2. Formulaire de contact<\/strong><\/h2>\n<p style=\"text-align: justify;\"><span style=\"font-weight: 400;\">Aux fins d\u2019\u00e9change avec ses clients, FLYN-YACHTING vous demande votre nom et votre adresse e-mail (obligatoires). Vous pouvez y ajouter des \u00e9l\u00e9ments sur votre soci\u00e9t\u00e9 ou votre responsabilit\u00e9 dans l\u2019entreprise (informations facultatives).<br \/><\/span><span style=\"font-size: 14px;\">FLYN-YACHTING traite les donn\u00e9es recueillies aux seules fins d\u2019envoi d\u2019informations relatives \u00e0 ses produits, liens, news letter, nouveau produit.\u00a0<\/span><span style=\"font-size: 14px;\">Ces donn\u00e9es sont conserv\u00e9es 3 ans dans nos fichiers. Elles ne sont ni transmises, ni \u00e9chang\u00e9es \u00e0 quelque site que ce soit.<\/span><\/p>\n<p style=\"text-align: justify;\"><span style=\"font-weight: 400;\">Vous pouvez \u00e0 tout moment nous demander communication des donn\u00e9es pr\u00e9sentes dans nos bases, ainsi que leur rectification ou leur effacement.<\/span><\/p>\n<p style=\"text-align: justify;\"><span style=\"font-weight: 400;\">En cas d\u2019effacement vous serez ray\u00e9 de nos mailing-lists.<\/span><\/p>\n<p style=\"text-align: justify;\"><span style=\"font-weight: 400;\"><\/span><\/p>\n<h2 style=\"text-align: justify;\"><strong>3. Utilisation de vos donn\u00e9es de navigation ou de situation<\/strong><\/h2>\n<p style=\"text-align: justify;\">La Soci\u00e9t\u00e9 FLYN-YACHTING traite vos donn\u00e9es de navigation ou de situation re\u00e7ues directement de votre part, lorsque vous remplissez le formulaire de contact sur le site ou souscrivez \u00e0 l\u2019offre de prestations et de services FLYN-YACHTING.<\/p>\n<p style=\"text-align: justify;\">Le traitement est n\u00e9cessaire \u00e0 l\u2018ex\u00e9cution de mesures pr\u00e9contractuelles, et ce, \u00e0 votre demande. Le traitement est \u00e9galement n\u00e9cessaire au bon fonctionnement de la plateforme de prestations et de services FLYN-YACHTING afin de produire les prestations et services conformes \u00e0 votre demande, dans le cadre d\u2019une utilisation commerciale ou privative d\u2019un yacht.<\/p>\n<p style=\"text-align: justify;\">Les cat\u00e9gories de donn\u00e9es personnelles trait\u00e9es sont les suivantes : nom, pr\u00e9nom, adresse mail, t\u00e9l\u00e9phone.<\/p>\n<p style=\"text-align: justify;\">Les cat\u00e9gories de donn\u00e9es de navigation ou de situation sont les suivantes (non exhaustif et selon la prestation demand\u00e9e)\u00a0:<\/p>\n<ul style=\"text-align: justify;\">\n<li>Donn\u00e9es personnelles des donneurs d\u2019ordre et responsables du yacht<\/li>\n<li>Donn\u00e9es personnelles des interm\u00e9diaires au contrat commercial<\/li>\n<li>Donn\u00e9es statiques, administratives ou commerciales du yacht et des soci\u00e9t\u00e9s intervenant dans sa gestion<\/li>\n<li>Donn\u00e9es cin\u00e9matiques du yacht\u00a0: lieux, dates, ports, routes, pr\u00e9vues et r\u00e9elles<\/li>\n<li>Mouvements de passagers<\/li>\n<li>Activit\u00e9s commerciales de mouillage, escale<\/li>\n<\/ul>\n<p style=\"text-align: justify;\">A d\u00e9faut de renseigner ces donn\u00e9es, la Soci\u00e9t\u00e9 FLYN-YACHTING ne sera pas en mesure de satisfaire votre demande. Lesdites donn\u00e9es sont utilis\u00e9es \u00e0 seule fin de pouvoir vous renseigner, et communiquer avec vous et de permettre de r\u00e9aliser la prestation demand\u00e9e par vous.<\/p>\n<p style=\"text-align: justify;\">Les donn\u00e9es \u00e0 caract\u00e8re personnel que vous nous transmettez ne sont accessibles qu\u2019aux personnels de la Soci\u00e9t\u00e9 FLYN-YACHTING habilit\u00e9s.<\/p>\n<p style=\"text-align: justify;\">Des donn\u00e9es personnelles relatives \u00e0 des clients, affr\u00e9teurs, passagers peuvent appara\u00eetre dans des documents communiqu\u00e9s par vous ou vos repr\u00e9sentants (contrat, pi\u00e8ce justificative). FLYN-YACHTING recommande que de telles informations soient supprim\u00e9es ou caviard\u00e9es des documents communiqu\u00e9s. Ces informations ne sont ni saisies ni trait\u00e9es, et font l\u2019objet d\u2019une suppression, avec les documents communiqu\u00e9s, d\u00e8s la bonne fin de la prestation.<\/p>\n<p style=\"text-align: justify;\">Les donn\u00e9es collect\u00e9es sont conserv\u00e9es le temps du traitement de votre demande de contact, et de la relation contractuelle de prestation, si elle se noue.<\/p>\n<p style=\"text-align: justify;\">\u00c0 l\u2019issue de ce d\u00e9lai, la soci\u00e9t\u00e9 FLYN-YACHTING peut conserver ces donn\u00e9es dans une base dite d\u2019archive interm\u00e9diaire, et ce, pendant la dur\u00e9e de prescription l\u00e9gale, dans le seul but de pr\u00e9server ses droits dans l\u2019hypoth\u00e8se d\u2019un \u00e9ventuel contentieux.<\/p>\n<p style=\"text-align: justify;\">\n<h2 style=\"text-align: justify;\"><strong><span style=\"color: #333333; font-size: 22px;\">4. Droits dont vous disposez sur les donn\u00e9es personnelles<\/span><\/strong><\/h2>\n<p style=\"text-align: justify;\">Vous avez la possibilit\u00e9 de :<\/p>\n<ul style=\"text-align: justify;\">\n<li>Demander l\u2019acc\u00e8s \u00e0 vos donn\u00e9es ;<\/li>\n<li>Demander la rectification de vos donn\u00e9es ;<\/li>\n<li>Demander l\u2019effacement de vos donn\u00e9es ;<\/li>\n<li>Demander \u00e0 limiter le traitement de vos donn\u00e9es ;<\/li>\n<li>Vous opposer au traitement de vos donn\u00e9es ;<\/li>\n<li>D\u00e9finir des directives relatives au sort de vos donn\u00e9es apr\u00e8s votre d\u00e9c\u00e8s.<\/li>\n<\/ul>\n<p style=\"text-align: justify;\">Si vous souhaitez exercer ces droits, vous pouvez faire la demande par mail \u00e0 l\u2019adresse info@flyn-yachting.com.<\/p>\n<p style=\"text-align: justify;\">Si la Soci\u00e9t\u00e9 FLYN-YACHTING a des doutes raisonnables sur votre identit\u00e9, elle se r\u00e9serve la possibilit\u00e9 de vous demander la copie de votre pi\u00e8ce d\u2019identit\u00e9 sign\u00e9e avant de donner suite \u00e0 l\u2019exercice de votre droit.<\/p>\n<p style=\"text-align: justify;\">Une fois votre identit\u00e9 suffisamment \u00e9tablie, la Soci\u00e9t\u00e9 FLYN-YACHTING vous adressera une r\u00e9ponse sous un mois \u00e0 compter de la r\u00e9ception de votre demande. Selon la complexit\u00e9 ou le nombre de demandes, ce d\u00e9lai est susceptible d\u2019\u00eatre prolong\u00e9 de deux mois, ce dont vous serez naturellement avis\u00e9.<\/p>\n<p style=\"text-align: justify;\">Si vous estimez que vos donn\u00e9es ne sont pas trait\u00e9es conform\u00e9ment \u00e0 la R\u00e8glementation applicable, vous pouvez d\u00e9poser une plainte aupr\u00e8s de la Commission Nationale de l\u2019Informatique et des Libert\u00e9s (CNIL). Il s\u2019agit de l\u2019autorit\u00e9 de contr\u00f4le charg\u00e9e des questions li\u00e9es au traitement des donn\u00e9es personnelles. La CNIL peut \u00eatre contact\u00e9e au 3, Place de Fontenoy \u2013 TSA 80715 \u2013 75334 PARIS CEDEX 07, par t\u00e9l\u00e9phone au 01 53 73 22 22, et sur son site internet : www.cnil.fr.<\/p>\n<p style=\"text-align: justify;\">Nous vous remercions d\u2019avoir pris connaissance de la pr\u00e9sente Politique, laquelle est susceptible d\u2019\u00e9voluer. Aussi, nous vous invitons \u00e0 la consulter r\u00e9guli\u00e8rement.<\/p>\n<p style=\"text-align: justify;\">\n<h2 style=\"text-align: justify;\"><strong><span style=\"color: #333333; font-size: 26px;\">5. Politique de cookies<\/span><\/strong><\/h2>\n<p style=\"text-align: justify;\">Le site <a href=\"http:\/\/www.flyn-yachting.com\/\">www.flyn-yachting.com<\/a> utilise des cookies afin d\u2019am\u00e9liorer votre exp\u00e9rience utilisateur et d\u2019assurer la protection de ce dernier.<\/p>\n<p style=\"text-align: justify;\">La politique de cookies est consultable l\u00e0 :\u00a0<a href=\"https:\/\/flyn-yachting.com\/politique-de-cookies\">https:\/\/ <u>www.flyn-yachting.com<\/u>\/politique-de-cookies\/.<\/a><\/p>\n<p>[\/et_pb_text][\/et_pb_column][\/et_pb_row][\/et_pb_section]<\/p>\n","protected":false},"excerpt":{"rendered":"<p>Politique de confidentialit\u00e9 du Site\u00a0FLYN-YACHTING www.flyn-yachting.com et de la plateforme de prestation de produits et services de FLYN-YACHTING La Soci\u00e9t\u00e9 FLYN-YACHTING, responsable de traitement au sens du R\u00e8glement G\u00e9n\u00e9ral sur la Protection des Donn\u00e9es n\u00b02016\/679 du 27 avril 2016 (RGPD) et de la Loi dite \u00ab Informatique et Libert\u00e9s \u00bb n\u00b078-17 du 6 janvier 1978, [&hellip;]<\/p>\n","protected":false},"author":1,"featured_media":0,"parent":0,"menu_order":0,"comment_status":"closed","ping_status":"open","template":"","meta":{"_et_pb_use_builder":"on","_et_pb_old_content":"<h1>Politique de confidentialit\u00e9 du Site\u00a0FLYN-YACHTING <a href=\"http:\/\/www.flyn-yachting.com\/\">www.flyn-yachting.com<\/a> et de la plateforme de prestation de produits et services de FLYN-YACHTING<\/h1><p>La Soci\u00e9t\u00e9 FLYN-YACHTING, responsable de traitement au sens du R\u00e8glement G\u00e9n\u00e9ral sur la Protection des Donn\u00e9es n\u00b02016\/679 du 27 avril 2016 (RGPD) et de la Loi dite \u00ab Informatique et Libert\u00e9s \u00bb n\u00b078-17 du 6 janvier 1978, s\u2019engage \u00e0 respecter ses obligations en mati\u00e8re de protection des donn\u00e9es \u00e0 caract\u00e8re personnel.<\/p><p>Elle utilise vos donn\u00e9es de mani\u00e8re responsable, et confidentielle.<\/p><p>La soci\u00e9t\u00e9 FLYN-YACHTING est une SAS (soci\u00e9t\u00e9 par actions simplifi\u00e9e) 1200 \u20ac, immatricul\u00e9e au registre du commerce et des soci\u00e9t\u00e9s de Nice, sous le num\u00e9ro 889 424 008 R.C.S. Nice, et ayant son si\u00e8ge social 19 boulevard Dubouchage \u2013 06000 Nice.<\/p><p>La pr\u00e9sente politique de confidentialit\u00e9 s\u2019applique aux traitements de donn\u00e9es \u00e0 caract\u00e8re personnel r\u00e9alis\u00e9s par la soci\u00e9t\u00e9 FLYN-YACHTING via son site internet <a href=\"http:\/\/www.flyn-yachting.com\/\">www.flyn-yachting.com<\/a>, ainsi que sa plateforme de prestations de produits et services, lesquels sont r\u00e9alis\u00e9s conform\u00e9ment aux dispositions du RGPD et de la Loi informatique et Libert\u00e9s.<\/p><p>Une donn\u00e9e personnelle est une information relative \u00e0 une personne physique qui peut \u00eatre identifi\u00e9e directement ou indirectement, soit \u00e0 partir de l\u2019information elle-m\u00eame, soit en croisant plusieurs informations.<\/p><p>Un traitement est constitu\u00e9 par toute op\u00e9ration qui porte sur une donn\u00e9e \u00e0 caract\u00e8re personnel, comme la consultation, l\u2019utilisation, l\u2019organisation, la modification ou la suppression.<\/p><p>La collecte, l\u2019utilisation et l\u2019enregistrement de vos <strong>donn\u00e9es personnelles<\/strong> via ledit formulaire de contact sont n\u00e9cessaires \u00e0 la Soci\u00e9t\u00e9 FLYN-YACHTING afin de r\u00e9pondre aux questions que vous lui adressez. La collecte, l\u2019utilisation et l\u2019enregistrement de vos <strong>donn\u00e9es de navigation ou de situation<\/strong> via tout formulaire de traitement de donn\u00e9es de yacht sont n\u00e9cessaires \u00e0 la Soci\u00e9t\u00e9 FLYN-YACHTING afin d\u2019assurer la prestation de produit ou de service que vous lui commandez.<\/p><ol><li><h2>Utilisation de vos donn\u00e9es personnelles<\/h2><\/li><\/ol><p>La Soci\u00e9t\u00e9 FLYN-YACHTING traite vos donn\u00e9es \u00e0 caract\u00e8re personnel re\u00e7ues directement de votre part, lorsque vous remplissez le formulaire de contact sur le site ou souscrivez \u00e0 l\u2019offre de prestations et de services FLYN-YACHTING.<\/p><p>Le traitement est n\u00e9cessaire \u00e0 l\u2018ex\u00e9cution de mesures pr\u00e9contractuelles, et ce, \u00e0 votre demande. Le traitement est \u00e9galement n\u00e9cessaire au bon fonctionnement de la plateforme de prestations et de services FLYN-YACHTING.<\/p><p>Les cat\u00e9gories de donn\u00e9es trait\u00e9es sont les suivantes : nom, pr\u00e9nom, adresse mail, t\u00e9l\u00e9phone.<\/p><p>A d\u00e9faut de renseigner ces donn\u00e9es, la Soci\u00e9t\u00e9 FLYN-YACHTING ne sera pas en mesure de satisfaire votre demande.<\/p><p>Lesdites donn\u00e9es sont utilis\u00e9es \u00e0 seule fin de pouvoir vous renseigner, et communiquer avec vous et de\u00a0vous garantir un acc\u00e8s \u00e0 la plateforme.<\/p><p>Les donn\u00e9es \u00e0 caract\u00e8re personnel que vous nous transmettez ne sont accessibles qu\u2019aux personnels de la Soci\u00e9t\u00e9 FLYN-YACHTING habilit\u00e9s.<\/p><p>Les donn\u00e9es collect\u00e9es sont conserv\u00e9es le temps du traitement de votre demande de contact, et de la relation contractuelle si elle se noue.<\/p><p>\u00c0 l\u2019issue de ce d\u00e9lai, la soci\u00e9t\u00e9 FLYN-YACHTING peut conserver ces donn\u00e9es dans une base dite d\u2019archive interm\u00e9diaire, et ce, pendant la dur\u00e9e de prescription l\u00e9gale, dans le seul but de pr\u00e9server ses droits dans l\u2019hypoth\u00e8se d\u2019un \u00e9ventuel contentieux.<\/p><p>\u00a0<\/p><ol start=\"2\"><li><h2>Utilisation de vos donn\u00e9es de navigation ou de situation<\/h2><\/li><\/ol><p>La Soci\u00e9t\u00e9 FLYN-YACHTING traite vos donn\u00e9es de navigation ou de situation re\u00e7ues directement de votre part, lorsque vous remplissez le formulaire de contact sur le site ou souscrivez \u00e0 l\u2019offre de prestations et de services FLYN-YACHTING.<\/p><p>Le traitement est n\u00e9cessaire \u00e0 l\u2018ex\u00e9cution de mesures pr\u00e9contractuelles, et ce, \u00e0 votre demande. Le traitement est \u00e9galement n\u00e9cessaire au bon fonctionnement de la plateforme de prestations et de services FLYN-YACHTING afin de produire les prestations et services conformes \u00e0 votre demande, dans le cadre d\u2019une utilisation commerciale ou privative d\u2019un yacht.<\/p><p>Les cat\u00e9gories de donn\u00e9es personnelles trait\u00e9es sont les suivantes : nom, pr\u00e9nom, adresse mail, t\u00e9l\u00e9phone.<\/p><p>Les cat\u00e9gories de donn\u00e9es de navigation ou de situation sont les suivantes (non exhaustif et selon la prestation demand\u00e9e)\u00a0:<\/p><ul><li>Donn\u00e9es personnelles des donneurs d\u2019ordre et responsables du yacht<\/li><li>Donn\u00e9es personnelles des interm\u00e9diaires au contrat commercial<\/li><li>Donn\u00e9es statiques, administratives ou commerciales du yacht et des soci\u00e9t\u00e9s intervenant dans sa gestion<\/li><li>Donn\u00e9es cin\u00e9matiques du yacht\u00a0: lieux, dates, ports, routes, pr\u00e9vues et r\u00e9elles<\/li><li>Mouvements de passagers<\/li><li>Activit\u00e9s commerciales de mouillage, escale<\/li><\/ul><p>A d\u00e9faut de renseigner ces donn\u00e9es, la Soci\u00e9t\u00e9 FLYN-YACHTING ne sera pas en mesure de satisfaire votre demande. Lesdites donn\u00e9es sont utilis\u00e9es \u00e0 seule fin de pouvoir vous renseigner, et communiquer avec vous et de permettre de r\u00e9aliser la prestation demand\u00e9e par vous.<\/p><p>Les donn\u00e9es \u00e0 caract\u00e8re personnel que vous nous transmettez ne sont accessibles qu\u2019aux personnels de la Soci\u00e9t\u00e9 FLYN-YACHTING habilit\u00e9s.<\/p><p>Des donn\u00e9es personnelles relatives \u00e0 des clients, affr\u00e9teurs, passagers peuvent appara\u00eetre dans des documents communiqu\u00e9s par vous ou vos repr\u00e9sentants (contrat, pi\u00e8ce justificative). FLYN-YACHTING recommande que de telles informations soient supprim\u00e9es ou caviard\u00e9es des documents communiqu\u00e9s. Ces informations ne sont ni saisies ni trait\u00e9es, et font l\u2019objet d\u2019une suppression, avec les documents communiqu\u00e9s, d\u00e8s la bonne fin de la prestation.<\/p><p>Les donn\u00e9es collect\u00e9es sont conserv\u00e9es le temps du traitement de votre demande de contact, et de la relation contractuelle de prestation, si elle se noue.<\/p><p>\u00c0 l\u2019issue de ce d\u00e9lai, la soci\u00e9t\u00e9 FLYN-YACHTING peut conserver ces donn\u00e9es dans une base dite d\u2019archive interm\u00e9diaire, et ce, pendant la dur\u00e9e de prescription l\u00e9gale, dans le seul but de pr\u00e9server ses droits dans l\u2019hypoth\u00e8se d\u2019un \u00e9ventuel contentieux.<\/p><ol start=\"3\"><li><h3>Droits dont vous disposez sur les donn\u00e9es personnelles<\/h3><\/li><\/ol><p>Vous avez la possibilit\u00e9 de :<\/p><ul><li>Demander l\u2019acc\u00e8s \u00e0 vos donn\u00e9es ;<\/li><li>Demander la rectification de vos donn\u00e9es ;<\/li><li>Demander l\u2019effacement de vos donn\u00e9es ;<\/li><li>Demander \u00e0 limiter le traitement de vos donn\u00e9es ;<\/li><li>Vous opposer au traitement de vos donn\u00e9es ;<\/li><li>D\u00e9finir des directives relatives au sort de vos donn\u00e9es apr\u00e8s votre d\u00e9c\u00e8s.<\/li><\/ul><p>Si vous souhaitez exercer ces droits, vous pouvez faire la demande par mail \u00e0 l\u2019adresse info@flyn-yachting.com.<\/p><p>Si la Soci\u00e9t\u00e9 FLYN-YACHTING a des doutes raisonnables sur votre identit\u00e9, elle se r\u00e9serve la possibilit\u00e9 de vous demander la copie de votre pi\u00e8ce d\u2019identit\u00e9 sign\u00e9e avant de donner suite \u00e0 l\u2019exercice de votre droit.<\/p><p>Une fois votre identit\u00e9 suffisamment \u00e9tablie, la Soci\u00e9t\u00e9 FLYN-YACHTING vous adressera une r\u00e9ponse sous un mois \u00e0 compter de la r\u00e9ception de votre demande. Selon la complexit\u00e9 ou le nombre de demandes, ce d\u00e9lai est susceptible d\u2019\u00eatre prolong\u00e9 de deux mois, ce dont vous serez naturellement avis\u00e9.<\/p><p>Si vous estimez que vos donn\u00e9es ne sont pas trait\u00e9es conform\u00e9ment \u00e0 la R\u00e8glementation applicable, vous pouvez d\u00e9poser une plainte aupr\u00e8s de la Commission Nationale de l\u2019Informatique et des Libert\u00e9s (CNIL). Il s\u2019agit de l\u2019autorit\u00e9 de contr\u00f4le charg\u00e9e des questions li\u00e9es au traitement des donn\u00e9es personnelles. La CNIL peut \u00eatre contact\u00e9e au 3, Place de Fontenoy \u2013 TSA 80715 \u2013 75334 PARIS CEDEX 07, par t\u00e9l\u00e9phone au 01 53 73 22 22, et sur son site internet : www.cnil.fr.<\/p><p>Nous vous remercions d\u2019avoir pris connaissance de la pr\u00e9sente Politique, laquelle est susceptible d\u2019\u00e9voluer. Aussi, nous vous invitons \u00e0 la consulter r\u00e9guli\u00e8rement.<\/p><ol start=\"4\"><li><h2>Politique de cookies<\/h2><\/li><\/ol><p>Le site <a href=\"http:\/\/www.flyn-yachting.com\/\">www.flyn-yachting.com<\/a> utilise des cookies afin d\u2019am\u00e9liorer votre exp\u00e9rience utilisateur et d\u2019assurer la protection de ce dernier.<\/p><p>La politique de cookies est consultable l\u00e0 :\u00a0<a href=\"https:\/\/www.mission-rgpd.com\/politique-dutilisation-des-cookies\/\">https:\/\/ <u>www.flyn-yachting.com<\/u>\/politique-dutilisation-des-cookies\/<\/a>.<\/p><p>\u00a0<\/p><p>\u00a0<\/p>","_et_gb_content_width":"","_mo_disable_npp":"","inline_featured_image":false,"cybocfi_hide_featured_image":"","iawp_total_views":4,"footnotes":""},"class_list":["post-3","page","type-page","status-publish","hentry"],"_links":{"self":[{"href":"https:\/\/flyn-yachting.com\/fr_FR\/wp-json\/wp\/v2\/pages\/3","targetHints":{"allow":["GET"]}}],"collection":[{"href":"https:\/\/flyn-yachting.com\/fr_FR\/wp-json\/wp\/v2\/pages"}],"about":[{"href":"https:\/\/flyn-yachting.com\/fr_FR\/wp-json\/wp\/v2\/types\/page"}],"author":[{"embeddable":true,"href":"https:\/\/flyn-yachting.com\/fr_FR\/wp-json\/wp\/v2\/users\/1"}],"replies":[{"embeddable":true,"href":"https:\/\/flyn-yachting.com\/fr_FR\/wp-json\/wp\/v2\/comments?post=3"}],"version-history":[{"count":22,"href":"https:\/\/flyn-yachting.com\/fr_FR\/wp-json\/wp\/v2\/pages\/3\/revisions"}],"predecessor-version":[{"id":1804,"href":"https:\/\/flyn-yachting.com\/fr_FR\/wp-json\/wp\/v2\/pages\/3\/revisions\/1804"}],"wp:attachment":[{"href":"https:\/\/flyn-yachting.com\/fr_FR\/wp-json\/wp\/v2\/media?parent=3"}],"curies":[{"name":"wp","href":"https:\/\/api.w.org\/{rel}","templated":true}]}}