{"id":187,"date":"2021-02-15T11:42:44","date_gmt":"2021-02-15T10:42:44","guid":{"rendered":"https:\/\/flyn-yachting.com\/?page_id=187"},"modified":"2026-02-17T11:12:55","modified_gmt":"2026-02-17T10:12:55","slug":"cgu","status":"publish","type":"page","link":"https:\/\/flyn-yachting.com\/fr_FR\/cgu\/","title":{"rendered":"CGU"},"content":{"rendered":"<p>[et_pb_section fb_built=\u00a0\u00bb1&Prime; admin_label=\u00a0\u00bbsection\u00a0\u00bb _builder_version=\u00a0\u00bb4.16&Prime; global_colors_info=\u00a0\u00bb{}\u00a0\u00bb][et_pb_row admin_label=\u00a0\u00bbrow\u00a0\u00bb _builder_version=\u00a0\u00bb4.16&Prime; background_size=\u00a0\u00bbinitial\u00a0\u00bb background_position=\u00a0\u00bbtop_left\u00a0\u00bb background_repeat=\u00a0\u00bbrepeat\u00a0\u00bb global_colors_info=\u00a0\u00bb{}\u00a0\u00bb][et_pb_column type=\u00a0\u00bb4_4&Prime; _builder_version=\u00a0\u00bb4.16&Prime; custom_padding=\u00a0\u00bb|||\u00a0\u00bb global_colors_info=\u00a0\u00bb{}\u00a0\u00bb custom_padding__hover=\u00a0\u00bb|||\u00a0\u00bb][et_pb_text _builder_version=\u00a0\u00bb4.16&Prime; text_font=\u00a0\u00bb||||||||\u00a0\u00bb header_font=\u00a0\u00bb||||||||\u00a0\u00bb header_text_align=\u00a0\u00bbjustify\u00a0\u00bb header_font_size=\u00a0\u00bb32px\u00a0\u00bb header_2_font=\u00a0\u00bbOpen Sans|700|||||||\u00a0\u00bb header_2_font_size=\u00a0\u00bb56px\u00a0\u00bb header_2_line_height=\u00a0\u00bb1.4em\u00a0\u00bb custom_margin=\u00a0\u00bb||20px|\u00a0\u00bb header_2_font_size_tablet=\u00a0\u00bb36px\u00a0\u00bb header_2_font_size_phone=\u00a0\u00bb\u00a0\u00bb header_2_font_size_last_edited=\u00a0\u00bbon|desktop\u00a0\u00bb global_colors_info=\u00a0\u00bb{}\u00a0\u00bb]<\/p>\n<h1>Pr\u00e9cisions sur les conditions techniques d\u2019\u00e9laboration des produits &amp; services de FLYN \u2013 CGU<\/h1>\n<p>[\/et_pb_text][et_pb_text _builder_version=\u00a0\u00bb4.16&Prime; text_font=\u00a0\u00bbOpen Sans||||||||\u00a0\u00bb text_text_color=\u00a0\u00bb#000000&Prime; text_font_size=\u00a0\u00bb16px\u00a0\u00bb text_line_height=\u00a0\u00bb2em\u00a0\u00bb global_colors_info=\u00a0\u00bb{}\u00a0\u00bb]<\/p>\n<p style=\"text-align: justify;\">1. FLYN-YACHTING s\u2019assure de fa\u00e7on optimale de satisfaire le besoin pr\u00e9cis du client, dans le cadre de la description du produit<br \/>2. Les prix forfaitaires incluent l\u2019acquisition des donn\u00e9es venant d\u2019un site sp\u00e9cialis\u00e9 de collecte des positions AIS par des stations terrestres, pour la p\u00e9riode consid\u00e9r\u00e9e.<br \/>3. Selon les produits demand\u00e9s, une position est acquise chaque jour, chaque heure ou chaque 5 \u00e0 15 minutes sur la p\u00e9riode couverte.<br \/>4. Si plusieurs produits sont command\u00e9s pour le m\u00eame yacht et la m\u00eame p\u00e9riode, une remise sera propos\u00e9e par FLYN.<br \/>5. Le Client (yacht) peut, au lancement de l\u2019\u00e9laboration du produit, fournir ses propres donn\u00e9es de navigation en lieu et place des donn\u00e9es acquises par FLYN, sous r\u00e9serve de la pr\u00e9cision et de la continuit\u00e9 technique de l\u2019information (latitude-longitude-date et heure-minute + fuseau) propos\u00e9e\u00a0; cela peut fera l\u2019objet d\u2019une remise sur le tarif. En revanche, le rapport s\u2019appuyant sur ces donn\u00e9es n\u2019aura pas la m\u00eame cr\u00e9dibilit\u00e9 vis-\u00e0-vis de l\u2019administration, notamment fiscale.<br \/>6. En cas de \u00ab\u00a0trou\u00a0\u00bb dans les donn\u00e9es (yacht hors de port\u00e9e d\u2019une station terrestre), et que cela est critique pour la qualit\u00e9 du produit, il est possible (a) de compl\u00e9ter avec des donn\u00e9es satellitaires (mais elles sont tr\u00e8s couteuses) (b) de compl\u00e9ter temporairement avec les donn\u00e9es propres de navigation du yacht<br \/>7. Le contrat ne peut pas se d\u00e9rouler normalement en cas d\u2019absence d\u2019\u00e9mission, par choix ou par avarie, des positions AIS r\u00e9guli\u00e8res.<br \/>8. Lorsque l\u2019\u00e9laboration est suspendue du fait de l\u2019absence de donn\u00e9es de position ou d\u2019informations commerciales, les sommes per\u00e7ues d\u2019avance, correspondant \u00e0 la cr\u00e9ation du dossier et l\u2019acquisition des donn\u00e9es, sont conserv\u00e9es par FLYN. La constitution puis la livraison du produit sont reprises \u00e0 la r\u00e9ception des donn\u00e9es manquantes. S\u2019il est mis fin d\u2019un commun accord au contrat de service, FLYN-YACHTING conserve la somme per\u00e7ue d\u2019avance.<br \/>9. Les rapports de calcul de TVA doivent \u00eatre valid\u00e9s par le repr\u00e9sentant fiscal du yacht\u00a0; la production des documents portant la preuve de la nature des escales (factures) &amp; mouvements de passagers (passenger list) sont \u00e0 la charge du yacht.<br \/>10. Pour les parties de croisi\u00e8re comportant un trajet au d\u00e9part d\u2019un pays autre que la France ou Monaco, par exemple un trajet repartant d\u2019Italie suite au d\u00e9barquement d\u2019un passager dans un port italien, seuls les param\u00e8tres calcul\u00e9s de distance (contrat de transport) ou de dur\u00e9e (contrat de transport) seront fournis pour ce segment particulier, \u00e0 moins que les r\u00e8gles fiscales applicables au d\u00e9part du pays consid\u00e9r\u00e9 n\u2019aient \u00e9t\u00e9 fournies ou confirm\u00e9es.<\/p>\n<p>[\/et_pb_text][\/et_pb_column][\/et_pb_row][\/et_pb_section]<\/p>\n","protected":false},"excerpt":{"rendered":"<p>Pr\u00e9cisions sur les conditions techniques d\u2019\u00e9laboration des produits &amp; services de FLYN \u2013 CGU1. FLYN-YACHTING s\u2019assure de fa\u00e7on optimale de satisfaire le besoin pr\u00e9cis du client, dans le cadre de la description du produit2. Les prix forfaitaires incluent l\u2019acquisition des donn\u00e9es venant d\u2019un site sp\u00e9cialis\u00e9 de collecte des positions AIS par des stations terrestres, pour [&hellip;]<\/p>\n","protected":false},"author":1,"featured_media":0,"parent":0,"menu_order":0,"comment_status":"closed","ping_status":"closed","template":"","meta":{"_et_pb_use_builder":"on","_et_pb_old_content":"","_et_gb_content_width":"","_mo_disable_npp":"","inline_featured_image":false,"cybocfi_hide_featured_image":"","iawp_total_views":3,"footnotes":""},"class_list":["post-187","page","type-page","status-publish","hentry"],"_links":{"self":[{"href":"https:\/\/flyn-yachting.com\/fr_FR\/wp-json\/wp\/v2\/pages\/187","targetHints":{"allow":["GET"]}}],"collection":[{"href":"https:\/\/flyn-yachting.com\/fr_FR\/wp-json\/wp\/v2\/pages"}],"about":[{"href":"https:\/\/flyn-yachting.com\/fr_FR\/wp-json\/wp\/v2\/types\/page"}],"author":[{"embeddable":true,"href":"https:\/\/flyn-yachting.com\/fr_FR\/wp-json\/wp\/v2\/users\/1"}],"replies":[{"embeddable":true,"href":"https:\/\/flyn-yachting.com\/fr_FR\/wp-json\/wp\/v2\/comments?post=187"}],"version-history":[{"count":13,"href":"https:\/\/flyn-yachting.com\/fr_FR\/wp-json\/wp\/v2\/pages\/187\/revisions"}],"predecessor-version":[{"id":1799,"href":"https:\/\/flyn-yachting.com\/fr_FR\/wp-json\/wp\/v2\/pages\/187\/revisions\/1799"}],"wp:attachment":[{"href":"https:\/\/flyn-yachting.com\/fr_FR\/wp-json\/wp\/v2\/media?parent=187"}],"curies":[{"name":"wp","href":"https:\/\/api.w.org\/{rel}","templated":true}]}}