{"id":1490,"date":"2022-05-23T15:44:50","date_gmt":"2022-05-23T13:44:50","guid":{"rendered":"https:\/\/flyn-yachting.com\/?post_type=product&#038;p=1490"},"modified":"2026-02-18T16:19:47","modified_gmt":"2026-02-18T15:19:47","slug":"rapports-specifiques-et-etudes","status":"publish","type":"product","link":"https:\/\/flyn-yachting.com\/en\/product\/yacht-vat-compliance-reports\/","title":{"rendered":"Yacht VAT Compliance Reports &amp; Regulatory Studies"},"content":{"rendered":"<h5><strong>For a yacht:<\/strong><\/h5>\n<p>Specific reports on the calculations of durations, distances, parameters of activity or navigation, etc. for a yacht can be made and demonstrate, justify, or prove a posteriori (where this is the case) the compliance of the yacht\u2019s activity with the regulations in question: customs, fiscal, social, maritime, environmental and any other specific matter.<\/p>\n<p>The FLYN-YACHTING offer consists of analysing the objective data which the yacht can provide in order to produce \u201cmade-to-measure\u201d reports, within the framework of the above-mentioned requirements of objectivity and authenticity, able to prove the situation of the yacht as part of litigation or negotiations with administration, a private entity, or a natural person.<\/p>\n<h5><strong>For an economic group or a fleet:<\/strong><\/h5>\n<p>FLYN-YACHTING can also produce statistical reports intended for States, administrations, groups, associations, and companies which wish to analyse the economic impact of yachting, or its comparative developments within a given scape; between regions; between ports and shipyards of a given region.<\/p>\n<p>These reports will be based on the yachts\u2019 AIS data regarding navigation and stays (import, shipyards, anchorage) of these yachts in the waters of a Mediterranean region. Principally based on the time passed in these various activities, but also on the yachts\u2019 activity and mobility indicators, such statistical reports allow objective information to be provided for a region\u2019s strategic review. These precise analyses take into account additional parameters: size classes, flag, type of mobility (flowing from the Mediterranean and Florida and the Caribbean).<\/p>","protected":false},"excerpt":{"rendered":"<p>Pour un yacht\u00a0: Des rapports sp\u00e9cifiques sur les calculs de dur\u00e9es, distances, param\u00e8tres d\u2019activit\u00e9 ou de navigation etc. pour un yacht peuvent \u00eatre effectu\u00e9 et permettent de d\u00e9montrer, justifier ou prouver a posteriori (si tel est le cas) la conformit\u00e9 des activit\u00e9s du yacht au regard des r\u00e8glementations concern\u00e9es : douani\u00e8re, fiscale, sociale, maritime, environnementale [&hellip;]<\/p>\n","protected":false},"featured_media":1517,"template":"","meta":{"_et_pb_use_builder":"","_et_pb_old_content":"","_et_gb_content_width":"","_mo_disable_npp":"","inline_featured_image":false,"cybocfi_hide_featured_image":"","iawp_total_views":0},"product_brand":[],"product_cat":[40],"product_tag":[31],"class_list":{"0":"post-1490","1":"product","2":"type-product","3":"status-publish","4":"has-post-thumbnail","6":"product_cat-additional-services","7":"product_tag-specific-reports-and-studies","9":"first","10":"instock","11":"shipping-taxable","12":"product-type-simple"},"_links":{"self":[{"href":"https:\/\/flyn-yachting.com\/en\/wp-json\/wp\/v2\/product\/1490","targetHints":{"allow":["GET"]}}],"collection":[{"href":"https:\/\/flyn-yachting.com\/en\/wp-json\/wp\/v2\/product"}],"about":[{"href":"https:\/\/flyn-yachting.com\/en\/wp-json\/wp\/v2\/types\/product"}],"wp:featuredmedia":[{"embeddable":true,"href":"https:\/\/flyn-yachting.com\/en\/wp-json\/wp\/v2\/media\/1517"}],"wp:attachment":[{"href":"https:\/\/flyn-yachting.com\/en\/wp-json\/wp\/v2\/media?parent=1490"}],"wp:term":[{"taxonomy":"product_brand","embeddable":true,"href":"https:\/\/flyn-yachting.com\/en\/wp-json\/wp\/v2\/product_brand?post=1490"},{"taxonomy":"product_cat","embeddable":true,"href":"https:\/\/flyn-yachting.com\/en\/wp-json\/wp\/v2\/product_cat?post=1490"},{"taxonomy":"product_tag","embeddable":true,"href":"https:\/\/flyn-yachting.com\/en\/wp-json\/wp\/v2\/product_tag?post=1490"}],"curies":[{"name":"wp","href":"https:\/\/api.w.org\/{rel}","templated":true}]}}