{"id":1489,"date":"2022-05-23T15:44:01","date_gmt":"2022-05-23T13:44:01","guid":{"rendered":"https:\/\/flyn-yachting.com\/?post_type=product&#038;p=1489"},"modified":"2026-02-17T12:15:36","modified_gmt":"2026-02-17T11:15:36","slug":"regime-des-retours-presence-du-yacht-dans-lue-au-cours-des-trois-dernieres-annees","status":"publish","type":"product","link":"https:\/\/flyn-yachting.com\/en\/product\/returned-goods-relief-yacht-eu\/","title":{"rendered":"Returned Goods Relief (RGR) for Yachts \u2013 EU Presence Certification"},"content":{"rendered":"<p>The EU Customs Code, in respect of the Returned goods relief (RGR), provides that yachts which have lost their EU status, after having been exported as EU yachts outside of the EU territory code can be reimported into the European Union within a three-year period and declared as being in free circulation without paying import duty or tax.<\/p>\n<p>When a yacht is registered under a European Union flag, French customs accept the absence of a formal import and export declaration because the return to the EU is implied by the vessel\u2019s flag. In order to benefit from the Returned Goods Relief when you return to EU waters and therefore retain your free circulation status, you must meet the following conditions:<\/p>\n<ul>\n<li>The owner of the vessel must remain unchanged between the export and the next import into the EU.<\/li>\n<li>The vessel must not be substantially modified (the vessel cannot be transformed; routine maintenance and works are accepted).<\/li>\n<li>The vessel must return to the EU within 3 years following its export.<\/li>\n<\/ul>\n<p>&nbsp;<\/p>\n<p>Le r\u00e9gime des retours est principalement utilis\u00e9 pour les yachts ayant acquitt\u00e9 la TVA et souhaitant conserver ce statut \u00e0 leur retour en Europe. Sur cette base, FLYN-YACHTING \u00e9tablira un certificat retra\u00e7ant les mouvements du yacht correspondant aux 3 derni\u00e8res ann\u00e9es, et prouvera ainsi que le yacht est revenu dans les eaux europ\u00e9ennes avant l\u2019expiration du d\u00e9lai de 3 ann\u00e9es\u00a0; cela lui permettra de r\u00e9cup\u00e9rer son statut communautaire et de se retrouver en libre circulation au sein de l\u2019Union Europ\u00e9enne.<\/p>","protected":false},"excerpt":{"rendered":"<p>Le code des douanes de l&rsquo;Union, en ce qui concerne le r\u00e9gime des retours (RGR), dispose que les yachts ayant perdu leur statut communautaire, apr\u00e8s avoir \u00e9t\u00e9 export\u00e9s en tant que yachts communautaires hors du territoire de l&rsquo;UE, peuvent \u00eatre r\u00e9import\u00e9s au sein de l\u2019Union Europ\u00e9enne dans un d\u00e9lai de trois ans et d\u00e9clar\u00e9s comme [&hellip;]<\/p>\n","protected":false},"featured_media":1516,"template":"","meta":{"_et_pb_use_builder":"","_et_pb_old_content":"","_et_gb_content_width":"","_mo_disable_npp":"","inline_featured_image":false,"cybocfi_hide_featured_image":"","iawp_total_views":4},"product_brand":[],"product_cat":[39],"product_tag":[27],"class_list":{"0":"post-1489","1":"product","2":"type-product","3":"status-publish","4":"has-post-thumbnail","6":"product_cat-returned-goods-relief","7":"product_tag-returned-goods-relief","9":"first","10":"instock","11":"shipping-taxable","12":"product-type-simple"},"_links":{"self":[{"href":"https:\/\/flyn-yachting.com\/en\/wp-json\/wp\/v2\/product\/1489","targetHints":{"allow":["GET"]}}],"collection":[{"href":"https:\/\/flyn-yachting.com\/en\/wp-json\/wp\/v2\/product"}],"about":[{"href":"https:\/\/flyn-yachting.com\/en\/wp-json\/wp\/v2\/types\/product"}],"wp:featuredmedia":[{"embeddable":true,"href":"https:\/\/flyn-yachting.com\/en\/wp-json\/wp\/v2\/media\/1516"}],"wp:attachment":[{"href":"https:\/\/flyn-yachting.com\/en\/wp-json\/wp\/v2\/media?parent=1489"}],"wp:term":[{"taxonomy":"product_brand","embeddable":true,"href":"https:\/\/flyn-yachting.com\/en\/wp-json\/wp\/v2\/product_brand?post=1489"},{"taxonomy":"product_cat","embeddable":true,"href":"https:\/\/flyn-yachting.com\/en\/wp-json\/wp\/v2\/product_cat?post=1489"},{"taxonomy":"product_tag","embeddable":true,"href":"https:\/\/flyn-yachting.com\/en\/wp-json\/wp\/v2\/product_tag?post=1489"}],"curies":[{"name":"wp","href":"https:\/\/api.w.org\/{rel}","templated":true}]}}