{"id":1485,"date":"2022-05-23T15:39:48","date_gmt":"2022-05-23T13:39:48","guid":{"rendered":"https:\/\/flyn-yachting.com\/?post_type=product&#038;p=1485"},"modified":"2026-02-17T12:11:02","modified_gmt":"2026-02-17T11:11:02","slug":"tenue-du-fuel-log-book-dans-le-cas-dusage-commercial-mixte-charter-transport","status":"publish","type":"product","link":"https:\/\/flyn-yachting.com\/en\/product\/yacht-fuel-logbook-compliance\/","title":{"rendered":"Yacht Fuel Logbook Compliance for Mixed Commercial Use"},"content":{"rendered":"<p>The taxation of fuel products varies depending on whether the commercial use of the yacht takes place under a charter agreement or a transport agreement:<\/p>\n<ul>\n<li>Under charter (rental), it will obtain fuel supplies without VAT 20 % (subject to the status of 70% navigation rule) but with TICPE (Taxe Int\u00e9rieure de Consommation sur les Produits Energ\u00e9tiques - Domestic Tax on Consumption of Energy Products). The amount of the TICPE is approximately \u20ac0.60\/litre)<\/li>\n<li class=\"translation-block\">Under transport (cruising), will obtain fuel supplies without VAT (20 %) and without TICPE (\u20ac0.60\/litre)<\/li>\n<\/ul>\n<p>Commercial yachts are authorised to mix the two types of status and therefore fuel during the same year under the status \u201cmixed commercial use of yacht\u201d, subject to keeping a fuel logbook and the provision, at the end of the year, of a fuel logbook to the P\u00f4le Action Economique (Economic Action Division) of French customs and the payment of any balance of TICPE (no refund allowed).<\/p>\n<p>&nbsp;<\/p>\n<p>FLYN-YACHTING will compile (in the case of a premium annual contract) a fuel logbook in the case of mixed commercial use. The contract includes:<\/p>\n<ul>\n<li>All of the commercial and non-commercial cruises of the yacht, by date (distances covered). FLYN-YACHTING may, where necessary, compile these distances, based on the AIS, with the list of the various commercial agreements carried out.<\/li>\n<li>All of the fuel supply invoices with volumes, full amounts, and tax\/tax-free status.<\/li>\n<li>Standard consumption (en route and at anchor).<\/li>\n<\/ul>","protected":false},"excerpt":{"rendered":"<p>La fiscalit\u00e9 des produits p\u00e9troliers est diff\u00e9rente selon que l\u2019utilisation commerciale du yacht se d\u00e9roule sous contrat de charter ou sous contrat de transport\u00a0: En charter (location), le yacht va s\u2019approvisionner en carburant sans TVA (20 %) (sous r\u00e9serve du statut des 70% de navigation en haute mer) mais avec TICPE. Le montant de la [&hellip;]<\/p>\n","protected":false},"featured_media":1520,"template":"","meta":{"_et_pb_use_builder":"","_et_pb_old_content":"","_et_gb_content_width":"","_mo_disable_npp":"","inline_featured_image":false,"cybocfi_hide_featured_image":"","iawp_total_views":13},"product_brand":[],"product_cat":[36],"product_tag":[33],"class_list":{"0":"post-1485","1":"product","2":"type-product","3":"status-publish","4":"has-post-thumbnail","6":"product_cat-vat-70","7":"product_tag-keeping-of-the-fuel-logbook-in-the-case-of-mixed-commercial-use","9":"first","10":"instock","11":"shipping-taxable","12":"product-type-simple"},"_links":{"self":[{"href":"https:\/\/flyn-yachting.com\/en\/wp-json\/wp\/v2\/product\/1485","targetHints":{"allow":["GET"]}}],"collection":[{"href":"https:\/\/flyn-yachting.com\/en\/wp-json\/wp\/v2\/product"}],"about":[{"href":"https:\/\/flyn-yachting.com\/en\/wp-json\/wp\/v2\/types\/product"}],"wp:featuredmedia":[{"embeddable":true,"href":"https:\/\/flyn-yachting.com\/en\/wp-json\/wp\/v2\/media\/1520"}],"wp:attachment":[{"href":"https:\/\/flyn-yachting.com\/en\/wp-json\/wp\/v2\/media?parent=1485"}],"wp:term":[{"taxonomy":"product_brand","embeddable":true,"href":"https:\/\/flyn-yachting.com\/en\/wp-json\/wp\/v2\/product_brand?post=1485"},{"taxonomy":"product_cat","embeddable":true,"href":"https:\/\/flyn-yachting.com\/en\/wp-json\/wp\/v2\/product_cat?post=1485"},{"taxonomy":"product_tag","embeddable":true,"href":"https:\/\/flyn-yachting.com\/en\/wp-json\/wp\/v2\/product_tag?post=1485"}],"curies":[{"name":"wp","href":"https:\/\/api.w.org\/{rel}","templated":true}]}}