{"id":58,"date":"2021-02-05T13:43:38","date_gmt":"2021-02-05T12:43:38","guid":{"rendered":"https:\/\/flyn-yachting.com\/?page_id=58"},"modified":"2026-02-17T11:20:30","modified_gmt":"2026-02-17T10:20:30","slug":"mentions-legales","status":"publish","type":"page","link":"https:\/\/flyn-yachting.com\/en\/mentions-legales\/","title":{"rendered":"Legal Notice"},"content":{"rendered":"<p>[et_pb_section fb_built=\u00a0\u00bb1&Prime; admin_label=\u00a0\u00bbsection\u00a0\u00bb _builder_version=\u00a0\u00bb4.16&Prime; global_colors_info=\u00a0\u00bb{}\u00a0\u00bb][et_pb_row admin_label=\u00a0\u00bbrow\u00a0\u00bb _builder_version=\u00a0\u00bb4.16&Prime; background_size=\u00a0\u00bbinitial\u00a0\u00bb background_position=\u00a0\u00bbtop_left\u00a0\u00bb background_repeat=\u00a0\u00bbrepeat\u00a0\u00bb global_colors_info=\u00a0\u00bb{}\u00a0\u00bb][et_pb_column type=\u00a0\u00bb4_4&Prime; _builder_version=\u00a0\u00bb4.16&Prime; custom_padding=\u00a0\u00bb|||\u00a0\u00bb global_colors_info=\u00a0\u00bb{}\u00a0\u00bb custom_padding__hover=\u00a0\u00bb|||\u00a0\u00bb][et_pb_text _builder_version=\u00a0\u00bb4.16&Prime; _module_preset=\u00a0\u00bbdefault\u00a0\u00bb text_font=\u00a0\u00bbOpen Sans||||||||\u00a0\u00bb text_text_color=\u00a0\u00bb#000000&Prime; text_font_size=\u00a0\u00bb16px\u00a0\u00bb header_text_align=\u00a0\u00bbjustify\u00a0\u00bb header_text_color=\u00a0\u00bb#000000&Prime; header_font_size=\u00a0\u00bb32px\u00a0\u00bb custom_margin=\u00a0\u00bb||0px||false|false\u00a0\u00bb custom_padding=\u00a0\u00bb0px|||||\u00a0\u00bb global_colors_info=\u00a0\u00bb{}\u00a0\u00bb]<\/p>\n<h1 style=\"text-align: justify;\"><strong>Mentions l\u00e9gales du site <a href=\"http:\/\/www.flyn-yachting.com\">www.flyn-yachting.com<\/a><\/strong><\/h1>\n<p style=\"text-align: justify;\"><strong><\/strong><\/p>\n<h2 style=\"text-align: justify;\"><\/h2>\n<p style=\"text-align: justify;\">\n<h3 style=\"text-align: justify;\"><strong>1. Mentions l\u00e9gales en date du 1er f\u00e9vrier 2021<\/strong><\/h3>\n<p style=\"text-align: justify;\">Ce site est la propri\u00e9t\u00e9 de FLYN-YACHTING, laquelle est donc l\u2019\u00e9diteur du site internet au sens de la Loi LCEN.<br \/>FLYN-YACHTING, SAS, au capital de 1 200\u20ac, immatricul\u00e9e au registre du commerce et des soci\u00e9t\u00e9s de Nice, sous le num\u00e9ro 889 424 008 R.C.S. Nice, et ayant son si\u00e8ge social 19 boulevard Dubouchage \u2013 06000 Nice. N\u00b0 de t\u00e9l\u00e9phone : 06 07 81 58 32<br \/>Le directeur de la publication du site est Monsieur Laurent Monsaingeon.<\/p>\n<p style=\"text-align: justify;\">\n<h3 style=\"text-align: justify;\"><strong>2. H\u00e9bergement du site<\/strong><\/h3>\n<p style=\"text-align: justify;\"><span>Le site est h\u00e9berg\u00e9 par la soci\u00e9t\u00e9 OVH \u2013 2 rue Kellermann \u2013 59100 Roubaix \u2013 France.<\/span><\/p>\n<p style=\"text-align: justify;\"><span>T\u00e9l\u00e9phone : 09 72 10 10 07<\/span><\/p>\n<p style=\"text-align: justify;\"><span><\/span><\/p>\n<p style=\"text-align: justify;\"><span><\/span><\/p>\n<h3 style=\"text-align: justify;\"><strong>3. Donn\u00e9es \u00e0 caract\u00e8re personnel<\/strong><\/h3>\n<p style=\"text-align: justify;\"><span>Pour plus d\u2019information merci de vous rendre sur la page \u00ab Politique de confidentialit\u00e9 \u00bb.<\/span><\/p>\n<p style=\"text-align: justify;\"><span><\/span><\/p>\n<p style=\"text-align: justify;\"><span><\/span><\/p>\n<h3 style=\"text-align: justify;\"><strong>4. Cookies et t\u00e9moins de connexion<\/strong><\/h3>\n<p style=\"text-align: justify;\"><span>Un cookie est un fichier texte contenant une petite quantit\u00e9 d\u2019informations qui est install\u00e9 sur votre ordinateur ou votre p\u00e9riph\u00e9rique mobile lors de votre premi\u00e8re visite sur un site Internet par un serveur de page Web. Pour plus d\u2019information merci de vous rendre sur la page \u00ab Politique d\u2019utilisation des cookies \u00bb de ce site internet Conditions d\u2019utilisation du site.<\/span><\/p>\n<p style=\"text-align: justify;\"><span>L\u2019utilisateur du site de la soci\u00e9t\u00e9 FLYN-YACHTING reconna\u00eet disposer de la comp\u00e9tence et des moyens n\u00e9cessaires pour acc\u00e9der et utiliser ce site. La soci\u00e9t\u00e9 FLYN-YACHTING met tout en \u0153uvre pour offrir aux utilisateurs des informations et\/ou outils disponibles et v\u00e9rifi\u00e9s, mais ne saurait \u00eatre tenue pour responsable des erreurs, d\u2019une absence de disponibilit\u00e9 des informations et\/ou de la pr\u00e9sence de virus sur son site. Les informations et visuels diffus\u00e9s sur ce site ont un caract\u00e8re exclusivement informatif et ne sauraient en aucun cas constituer un quelconque document contractuel. La soci\u00e9t\u00e9 FLYN-YACHTING s\u00e9lectionne les sites vers lesquels les liens hypertextes renvoient, et s\u2019efforce de v\u00e9rifier la qualit\u00e9 de leurs contenus. Cependant, elle d\u00e9cline toute responsabilit\u00e9 quant \u00e0 d\u2019\u00e9ventuelles erreurs ou omissions qu\u2019ils contiendraient.<\/span><\/p>\n<p style=\"text-align: justify;\"><span><\/span><\/p>\n<p style=\"text-align: justify;\"><span><\/span><\/p>\n<h3 style=\"text-align: justify;\"><strong>5. Propri\u00e9t\u00e9 intellectuelle<\/strong><\/h3>\n<p style=\"text-align: justify;\"><span>L\u2019ensemble de ce site rel\u00e8ve de la l\u00e9gislation fran\u00e7aise sur les droits d\u2019auteur et la propri\u00e9t\u00e9 intellectuelle. Tous les droits de reproduction sont r\u00e9serv\u00e9s. La reproduction de tout ou partie de ce site sur quelque support que ce soit est formellement interdite sauf autorisation expresse et pr\u00e9alable de la soci\u00e9t\u00e9 FLYN-YACHTING.<\/span><\/p>\n<p style=\"text-align: justify;\"><span>Toute reproduction, repr\u00e9sentation, modification, publication, transmission et\/ou d\u00e9naturation, totale ou partielle du site et de ses composants, par quelque proc\u00e9d\u00e9 que ce soit, sans autorisation expresse de la soci\u00e9t\u00e9 FLYN-YACHTING, est interdite, engagerait la responsabilit\u00e9 de son auteur et constituerait une contrefa\u00e7on notamment sanctionn\u00e9e par l\u2019article L.335-2 du Code de la propri\u00e9t\u00e9 intellectuelle. Les marques de la soci\u00e9t\u00e9 FLYN-YACHTING et de ses partenaires, ainsi que les logos figurant sur le site sont des marques d\u00e9pos\u00e9es. Toute reproduction totale ou partielle de ces marques ainsi que toute repr\u00e9sentation totale ou partielle de ces marques et\/ou logos, effectu\u00e9es \u00e0 partir des \u00e9l\u00e9ments du site sans l\u2019autorisation expresse de la soci\u00e9t\u00e9 FLYN-YACHTING et\/ ou de ses partenaires sont prohib\u00e9es, en application de l\u2019article L 713-2 du Code de la propri\u00e9t\u00e9 intellectuelle.<\/span><\/p>\n<p>[\/et_pb_text][\/et_pb_column][\/et_pb_row][\/et_pb_section]<\/p>\n","protected":false},"excerpt":{"rendered":"<p>Mentions l\u00e9gales du site www.flyn-yachting.com 1. Mentions l\u00e9gales en date du 1er f\u00e9vrier 2021 Ce site est la propri\u00e9t\u00e9 de FLYN-YACHTING, laquelle est donc l\u2019\u00e9diteur du site internet au sens de la Loi LCEN.FLYN-YACHTING, SAS, au capital de 1 200\u20ac, immatricul\u00e9e au registre du commerce et des soci\u00e9t\u00e9s de Nice, sous le num\u00e9ro 889 424 [&hellip;]<\/p>\n","protected":false},"author":1,"featured_media":0,"parent":0,"menu_order":0,"comment_status":"closed","ping_status":"closed","template":"","meta":{"_et_pb_use_builder":"on","_et_pb_old_content":"","_et_gb_content_width":"","_mo_disable_npp":"","inline_featured_image":false,"cybocfi_hide_featured_image":"","iawp_total_views":9,"footnotes":""},"class_list":["post-58","page","type-page","status-publish","hentry"],"_links":{"self":[{"href":"https:\/\/flyn-yachting.com\/en\/wp-json\/wp\/v2\/pages\/58","targetHints":{"allow":["GET"]}}],"collection":[{"href":"https:\/\/flyn-yachting.com\/en\/wp-json\/wp\/v2\/pages"}],"about":[{"href":"https:\/\/flyn-yachting.com\/en\/wp-json\/wp\/v2\/types\/page"}],"author":[{"embeddable":true,"href":"https:\/\/flyn-yachting.com\/en\/wp-json\/wp\/v2\/users\/1"}],"replies":[{"embeddable":true,"href":"https:\/\/flyn-yachting.com\/en\/wp-json\/wp\/v2\/comments?post=58"}],"version-history":[{"count":19,"href":"https:\/\/flyn-yachting.com\/en\/wp-json\/wp\/v2\/pages\/58\/revisions"}],"predecessor-version":[{"id":1803,"href":"https:\/\/flyn-yachting.com\/en\/wp-json\/wp\/v2\/pages\/58\/revisions\/1803"}],"wp:attachment":[{"href":"https:\/\/flyn-yachting.com\/en\/wp-json\/wp\/v2\/media?parent=58"}],"curies":[{"name":"wp","href":"https:\/\/api.w.org\/{rel}","templated":true}]}}